{"id":105,"date":"2019-12-14T17:23:49","date_gmt":"2019-12-14T16:23:49","guid":{"rendered":"https:\/\/www.edmor.pl\/?page_id=104"},"modified":"2019-12-14T17:23:49","modified_gmt":"2019-12-14T16:23:49","slug":"wawrzyniec","status":"publish","type":"page","link":"https:\/\/edmor.tktj.pl\/index.php\/wawrzyniec\/","title":{"rendered":"Ko\u015bci\u00f3\u0142 pw. \u015bw. Wawrzy\u0144ca w Cynkowie"},"content":{"rendered":"\n<p><em>Cynk\u00f3w<\/em>\u00a0\u2013\u00a0<em>ko\u015bci\u00f3\u0142<\/em>\u00a0\u015bw.\u00a0<em>Wawrzy\u0144ca<\/em>\u00a0z XVII wieku, nale\u017cy do zabytk\u00f3w klasy zerowej. Wzniesiony w 1631 roku przez architekta Walerego Ruraya z Pyskowic.<\/p>\n\n\n\n<p>\u00a0\u00a0Ko\u015bci\u00f3\u0142 powsta\u0142 w roku 1631 wzniesiony przez budowniczego Walentego Ruray\u2019a z Pyskowic.<\/p>\n\n\n\n<p>&nbsp; &nbsp;Warto tu te\u017c przyjecha\u0107 w odpust&nbsp;<a href=\"http:\/\/pl.wikipedia.org\/wiki\/Wawrzyniec_z_Rzymu\" target=\"_blank\" rel=\"noreferrer noopener\">\u015bw. Wawrzy\u0144ca<\/a>&nbsp;(10 sierpnia) patrona piekarzy, kucharzy, bibliotekarzy ale i ratownik\u00f3w GOPR, kt\u00f3rzy wtedy \u015bwi\u0119tuj\u0105 na \u015anie\u017cce, gdzie te\u017c jest kaplica p.w. tego \u015bwi\u0119tego.<\/p>\n\n\n\n<p>Nazwa skrzynki pochodzi od potocznej nazwy tego ko\u015bci\u00f3\u0142ka &#8211; kiedy\u015b jecha\u0142o si\u0119 do &#8222;Wawrzy\u0144ca&#8221; na odpust. (Galeria te\u017c i z ostatniego odpustu w 2013)<\/p>\n\n\n\n<p>Pami\u0119tam te czasy, \u017ce mo\u017cna tu by\u0142o podczas &#8222;odpustu&#8221; kupi\u0107 kiszone og\u00f3rki z drewnianej beczki, woda z tych og\u00f3rk\u00f3w by\u0142a gratis w &#8221; musztard\u00f3wkach&#8221; ( kto nie wie, to szklane opakowania po musztardzie, kiedy\u015b powszechnie u\u017cywane jako szklanki.<\/p>\n\n\n\nngg_shortcode_0_placeholder\n","protected":false},"excerpt":{"rendered":"<p>Cynk\u00f3w\u00a0\u2013\u00a0ko\u015bci\u00f3\u0142\u00a0\u015bw.\u00a0Wawrzy\u0144ca\u00a0z XVII wieku, nale\u017cy do zabytk\u00f3w klasy zerowej. Wzniesiony w 1631 roku przez architekta Walerego Ruraya z Pyskowic. \u00a0\u00a0Ko\u015bci\u00f3\u0142 powsta\u0142 w roku 1631 wzniesiony przez budowniczego Walentego Ruray\u2019a z Pyskowic. &nbsp; &nbsp;Warto tu te\u017c przyjecha\u0107 w odpust&nbsp;\u015bw. Wawrzy\u0144ca&nbsp;(10 sierpnia) patrona piekarzy, kucharzy, bibliotekarzy ale i ratownik\u00f3w GOPR, kt\u00f3rzy wtedy \u015bwi\u0119tuj\u0105 na \u015anie\u017cce, gdzie te\u017c jest [&hellip;]<\/p>\n","protected":false},"author":1,"featured_media":0,"parent":0,"menu_order":0,"comment_status":"closed","ping_status":"closed","template":"","meta":{"ngg_post_thumbnail":0,"footnotes":""},"class_list":["post-105","page","type-page","status-publish","hentry"],"_links":{"self":[{"href":"https:\/\/edmor.tktj.pl\/index.php\/wp-json\/wp\/v2\/pages\/105","targetHints":{"allow":["GET"]}}],"collection":[{"href":"https:\/\/edmor.tktj.pl\/index.php\/wp-json\/wp\/v2\/pages"}],"about":[{"href":"https:\/\/edmor.tktj.pl\/index.php\/wp-json\/wp\/v2\/types\/page"}],"author":[{"embeddable":true,"href":"https:\/\/edmor.tktj.pl\/index.php\/wp-json\/wp\/v2\/users\/1"}],"replies":[{"embeddable":true,"href":"https:\/\/edmor.tktj.pl\/index.php\/wp-json\/wp\/v2\/comments?post=105"}],"version-history":[{"count":0,"href":"https:\/\/edmor.tktj.pl\/index.php\/wp-json\/wp\/v2\/pages\/105\/revisions"}],"wp:attachment":[{"href":"https:\/\/edmor.tktj.pl\/index.php\/wp-json\/wp\/v2\/media?parent=105"}],"curies":[{"name":"wp","href":"https:\/\/api.w.org\/{rel}","templated":true}]}}