{"id":1613,"date":"2020-02-17T20:54:36","date_gmt":"2020-02-17T19:54:36","guid":{"rendered":"https:\/\/edmor.pl\/?page_id=1613"},"modified":"2020-02-17T20:54:36","modified_gmt":"2020-02-17T19:54:36","slug":"dolina-lany-w-woznikach","status":"publish","type":"page","link":"https:\/\/edmor.tktj.pl\/index.php\/dolina-lany-w-woznikach\/","title":{"rendered":"Dolina \u0141any w Wo\u017anikach"},"content":{"rendered":"\n<p>Zapraszam do obejrzenia Doliny&nbsp;\u0141any, malowniczego miejsca zapewniaj\u0105cego kontakt z przyrod\u0105, a obecnie ju\u017c niestety tego, co jeszcze si\u0119 uchowa\u0142o, jak wkroczy\u0142a tu budowa A1.<\/p>\n\n\n\n<p>S\u0105 tu dalej jeszcze spore \u0142\u0105ki, charakterystyczne drzewa o pokroju jakby z Afryki, \u0142adny lasek na niskim pag\u00f3rku i dalej p\u0142ynie sobie &nbsp;\u0141ana. Po zako\u0144czonej budowie jest szansa, \u017ce zwierz\u0119ta b\u0119d\u0105 korzysta\u0107 z wielu przej\u015b\u0107 specjalnie dla nich przygotowanych.<\/p>\n\n\n\nngg_shortcode_0_placeholder\n","protected":false},"excerpt":{"rendered":"<p>Zapraszam do obejrzenia Doliny&nbsp;\u0141any, malowniczego miejsca zapewniaj\u0105cego kontakt z przyrod\u0105, a obecnie ju\u017c niestety tego, co jeszcze si\u0119 uchowa\u0142o, jak wkroczy\u0142a tu budowa A1. S\u0105 tu dalej jeszcze spore \u0142\u0105ki, charakterystyczne drzewa o pokroju jakby z Afryki, \u0142adny lasek na niskim pag\u00f3rku i dalej p\u0142ynie sobie &nbsp;\u0141ana. Po zako\u0144czonej budowie jest szansa, \u017ce zwierz\u0119ta b\u0119d\u0105 [&hellip;]<\/p>\n","protected":false},"author":1,"featured_media":0,"parent":0,"menu_order":0,"comment_status":"closed","ping_status":"closed","template":"","meta":{"ngg_post_thumbnail":0,"footnotes":""},"class_list":["post-1613","page","type-page","status-publish","hentry"],"_links":{"self":[{"href":"https:\/\/edmor.tktj.pl\/index.php\/wp-json\/wp\/v2\/pages\/1613","targetHints":{"allow":["GET"]}}],"collection":[{"href":"https:\/\/edmor.tktj.pl\/index.php\/wp-json\/wp\/v2\/pages"}],"about":[{"href":"https:\/\/edmor.tktj.pl\/index.php\/wp-json\/wp\/v2\/types\/page"}],"author":[{"embeddable":true,"href":"https:\/\/edmor.tktj.pl\/index.php\/wp-json\/wp\/v2\/users\/1"}],"replies":[{"embeddable":true,"href":"https:\/\/edmor.tktj.pl\/index.php\/wp-json\/wp\/v2\/comments?post=1613"}],"version-history":[{"count":0,"href":"https:\/\/edmor.tktj.pl\/index.php\/wp-json\/wp\/v2\/pages\/1613\/revisions"}],"wp:attachment":[{"href":"https:\/\/edmor.tktj.pl\/index.php\/wp-json\/wp\/v2\/media?parent=1613"}],"curies":[{"name":"wp","href":"https:\/\/api.w.org\/{rel}","templated":true}]}}