{"id":164,"date":"2020-02-14T19:03:32","date_gmt":"2020-02-14T18:03:32","guid":{"rendered":"http:\/\/edmor.pl\/?page_id=164"},"modified":"2020-02-14T19:03:32","modified_gmt":"2020-02-14T18:03:32","slug":"na-zachod-slonca-na-przeleczy-kondrackiej-przez-czerwone-wierchy","status":"publish","type":"page","link":"https:\/\/edmor.tktj.pl\/index.php\/na-zachod-slonca-na-przeleczy-kondrackiej-przez-czerwone-wierchy\/","title":{"rendered":"Na zach\u00f3d s\u0142o\u0144ca na Prze\u0142\u0119czy Kondrackiej przez Czerwone Wierchy"},"content":{"rendered":"\n<p>Na zach\u00f3d s\u0142o\u0144ca na Prze\u0142\u0119czy Kondrackiej przez Ciemniak, Krzesanic\u0119, Ma\u0142o\u0142\u0105czniak I Kop\u0119 Kondrack\u0105 &#8211; by\u0142o pi\u0119knie!  Podczas obozu zimowego <a aria-label=\"TKTJ (otwiera si\u0119 na nowej zak\u0142adce)\" href=\"http:\/\/tktj.pl\" target=\"_blank\" rel=\"noreferrer noopener\">TKTJ<\/a> 2020.<\/p>\n\n\n\n<p class=\"has-text-align-center\">[ultimate_maps id=&#8221;10&#8243;]<\/p>\n\n\n<style type=\"text\/css\">\n\t#foogallery-gallery-163 .fg-image {\n        width: 320px;\n    }\n<\/style>\n\t\t\t\t<nav id=\"foogallery-gallery-163_paging-top\" class=\"fg-paging-container fg-ph-dots\"><\/nav><div class=\"foogallery foogallery-container foogallery-default foogallery-lightbox-foobox fg-gutter-10 fg-center fg-default fg-light fg-border-thin fg-shadow-outline fg-loading-default fg-loaded-fade-in fg-caption-hover fg-hover-instant fg-ready\" id=\"foogallery-gallery-163\" data-foogallery=\"{&quot;item&quot;:{&quot;showCaptionTitle&quot;:true,&quot;showCaptionDescription&quot;:true},&quot;lazy&quot;:true,&quot;paging&quot;:{&quot;type&quot;:&quot;dots&quot;,&quot;theme&quot;:&quot;fg-light&quot;,&quot;size&quot;:8,&quot;position&quot;:&quot;both&quot;,&quot;scrollToTop&quot;:true,&quot;output&quot;:&quot;html&quot;}}\" >\n\t<div class=\"fg-item fg-type-image fg-idle\"><figure class=\"fg-item-inner\"><a href=\"https:\/\/edmor.tktj.pl\/wp-content\/uploads\/2020\/02\/05-_MG_0886hvsh.jpg\" data-attachment-id=\"162\" data-type=\"image\" class=\"fg-thumb\"><span class=\"fg-image-wrap\"><img fetchpriority=\"high\" decoding=\"async\" width=\"320\" height=\"240\" class=\"skip-lazy fg-image\" data-src-fg=\"https:\/\/edmor.tktj.pl\/wp-content\/uploads\/cache\/2020\/02\/05-_MG_0886hvsh\/1997919508.jpg\" src=\"data:image\/svg+xml,%3Csvg%20xmlns%3D%22http%3A%2F%2Fwww.w3.org%2F2000%2Fsvg%22%20width%3D%22320%22%20height%3D%22240%22%20viewBox%3D%220%200%20320%20240%22%3E%3C%2Fsvg%3E\" loading=\"eager\"><\/span><span class=\"fg-image-overlay\"><\/span><\/a><figcaption class=\"fg-caption\"><div class=\"fg-caption-inner\"><\/div><\/figcaption><\/figure><div class=\"fg-loader\"><\/div><\/div><div class=\"fg-item fg-type-image fg-idle\"><figure class=\"fg-item-inner\"><a href=\"https:\/\/edmor.tktj.pl\/wp-content\/uploads\/2020\/02\/04-_MG_0892hvsh.jpg\" data-caption-desc=\"Giewont\" data-attachment-id=\"161\" data-type=\"image\" class=\"fg-thumb\"><span class=\"fg-image-wrap\"><img decoding=\"async\" width=\"320\" height=\"240\" class=\"skip-lazy fg-image\" data-src-fg=\"https:\/\/edmor.tktj.pl\/wp-content\/uploads\/cache\/2020\/02\/04-_MG_0892hvsh\/2593312668.jpg\" src=\"data:image\/svg+xml,%3Csvg%20xmlns%3D%22http%3A%2F%2Fwww.w3.org%2F2000%2Fsvg%22%20width%3D%22320%22%20height%3D%22240%22%20viewBox%3D%220%200%20320%20240%22%3E%3C%2Fsvg%3E\" loading=\"eager\"><\/span><span class=\"fg-image-overlay\"><\/span><\/a><figcaption class=\"fg-caption\"><div class=\"fg-caption-inner\"><div class=\"fg-caption-desc\">Giewont<\/div><\/div><\/figcaption><\/figure><div class=\"fg-loader\"><\/div><\/div><div class=\"fg-item fg-type-image fg-idle\"><figure class=\"fg-item-inner\"><a href=\"https:\/\/edmor.tktj.pl\/wp-content\/uploads\/2020\/02\/03-_MG_0948hv.jpg\" data-caption-title=\"Widok z Prze\u0142\u0119czy Kondrackiej\" data-caption-desc=\"od lewej: Wielka Turnia, Skrajna Ma\u0142o\u0142\u0105cka Turnia,  Zagonna Turnia, na dole Dolina Ma\u0142ej \u0141\u0105ki, Siod\u0142owa Turnia z prawej, Na horyzoncie Pilsko i Babia G\u00f3ra.\" data-attachment-id=\"160\" data-type=\"image\" class=\"fg-thumb\"><span class=\"fg-image-wrap\"><img decoding=\"async\" title=\"Widok z Prze\u0142\u0119czy Kondrackiej\" width=\"320\" height=\"240\" class=\"skip-lazy fg-image\" data-src-fg=\"https:\/\/edmor.tktj.pl\/wp-content\/uploads\/cache\/2020\/02\/03-_MG_0948hv\/1304347459.jpg\" src=\"data:image\/svg+xml,%3Csvg%20xmlns%3D%22http%3A%2F%2Fwww.w3.org%2F2000%2Fsvg%22%20width%3D%22320%22%20height%3D%22240%22%20viewBox%3D%220%200%20320%20240%22%3E%3C%2Fsvg%3E\" loading=\"eager\"><\/span><span class=\"fg-image-overlay\"><\/span><\/a><figcaption class=\"fg-caption\"><div class=\"fg-caption-inner\"><div class=\"fg-caption-title\">Widok z Prze\u0142\u0119czy Kondrackiej<\/div><div class=\"fg-caption-desc\">od lewej: Wielka Turnia, Skrajna Ma\u0142o\u0142\u0105cka Turnia,  Zagonna Turnia, na dole Dolina Ma\u0142ej \u0141\u0105ki, Siod\u0142owa Turnia z prawej, Na horyzoncie Pilsko i Babia G\u00f3ra.<\/div><\/div><\/figcaption><\/figure><div class=\"fg-loader\"><\/div><\/div><div class=\"fg-item fg-type-image fg-idle\"><figure class=\"fg-item-inner\"><a href=\"https:\/\/edmor.tktj.pl\/wp-content\/uploads\/2020\/02\/02-_MG_0978hv.jpg\" data-caption-title=\"Z Kondrackiej Prze\u0142\u0119czy\" data-caption-desc=\"\u015awinica kr\u00f3luje\" data-attachment-id=\"159\" data-type=\"image\" class=\"fg-thumb\"><span class=\"fg-image-wrap\"><img decoding=\"async\" title=\"Z Kondrackiej Prze\u0142\u0119czy\" width=\"320\" height=\"240\" class=\"skip-lazy fg-image\" data-src-fg=\"https:\/\/edmor.tktj.pl\/wp-content\/uploads\/cache\/2020\/02\/02-_MG_0978hv\/3957384941.jpg\" src=\"data:image\/svg+xml,%3Csvg%20xmlns%3D%22http%3A%2F%2Fwww.w3.org%2F2000%2Fsvg%22%20width%3D%22320%22%20height%3D%22240%22%20viewBox%3D%220%200%20320%20240%22%3E%3C%2Fsvg%3E\" loading=\"eager\"><\/span><span class=\"fg-image-overlay\"><\/span><\/a><figcaption class=\"fg-caption\"><div class=\"fg-caption-inner\"><div class=\"fg-caption-title\">Z Kondrackiej Prze\u0142\u0119czy<\/div><div class=\"fg-caption-desc\">\u015awinica kr\u00f3luje<\/div><\/div><\/figcaption><\/figure><div class=\"fg-loader\"><\/div><\/div><div class=\"fg-item fg-type-image fg-idle\"><figure class=\"fg-item-inner\"><a href=\"https:\/\/edmor.tktj.pl\/wp-content\/uploads\/2020\/02\/01-_MG_0957hv.jpg\" data-caption-title=\"Widok z Prze\u0142\u0119czy Kondrackiej\" data-caption-desc=\"Babia G\u00f3ra po lewej, Ma\u0142y Giewont z prawej\" data-attachment-id=\"158\" data-type=\"image\" class=\"fg-thumb\"><span class=\"fg-image-wrap\"><img decoding=\"async\" title=\"Widok z Prze\u0142\u0119czy Kondrackiej\" width=\"320\" height=\"240\" class=\"skip-lazy fg-image\" data-src-fg=\"https:\/\/edmor.tktj.pl\/wp-content\/uploads\/cache\/2020\/02\/01-_MG_0957hv\/4039711796.jpg\" src=\"data:image\/svg+xml,%3Csvg%20xmlns%3D%22http%3A%2F%2Fwww.w3.org%2F2000%2Fsvg%22%20width%3D%22320%22%20height%3D%22240%22%20viewBox%3D%220%200%20320%20240%22%3E%3C%2Fsvg%3E\" loading=\"eager\"><\/span><span class=\"fg-image-overlay\"><\/span><\/a><figcaption class=\"fg-caption\"><div class=\"fg-caption-inner\"><div class=\"fg-caption-title\">Widok z Prze\u0142\u0119czy Kondrackiej<\/div><div class=\"fg-caption-desc\">Babia G\u00f3ra po lewej, Ma\u0142y Giewont z prawej<\/div><\/div><\/figcaption><\/figure><div class=\"fg-loader\"><\/div><\/div><div class=\"fg-item fg-type-image fg-idle\"><figure class=\"fg-item-inner\"><a href=\"https:\/\/edmor.tktj.pl\/wp-content\/uploads\/2020\/02\/15-_MG_0584hs.jpg\" data-caption-title=\"Widok z okolic Ciemniaka\" data-caption-desc=\"od lewej  Kamienista, Smreczy\u0144ski,  Bystra, Starorobocia\u0144ski\" data-attachment-id=\"157\" data-type=\"image\" class=\"fg-thumb\"><span class=\"fg-image-wrap\"><img decoding=\"async\" title=\"Widok z okolic Ciemniaka\" width=\"320\" height=\"240\" class=\"skip-lazy fg-image\" data-src-fg=\"https:\/\/edmor.tktj.pl\/wp-content\/uploads\/cache\/2020\/02\/15-_MG_0584hs\/3993023525.jpg\" src=\"data:image\/svg+xml,%3Csvg%20xmlns%3D%22http%3A%2F%2Fwww.w3.org%2F2000%2Fsvg%22%20width%3D%22320%22%20height%3D%22240%22%20viewBox%3D%220%200%20320%20240%22%3E%3C%2Fsvg%3E\" loading=\"eager\"><\/span><span class=\"fg-image-overlay\"><\/span><\/a><figcaption class=\"fg-caption\"><div class=\"fg-caption-inner\"><div class=\"fg-caption-title\">Widok z okolic Ciemniaka<\/div><div class=\"fg-caption-desc\">od lewej  Kamienista, Smreczy\u0144ski,  Bystra, Starorobocia\u0144ski<\/div><\/div><\/figcaption><\/figure><div class=\"fg-loader\"><\/div><\/div><div class=\"fg-item fg-type-image fg-idle\"><figure class=\"fg-item-inner\"><a href=\"https:\/\/edmor.tktj.pl\/wp-content\/uploads\/2020\/02\/14-_MG_0578hssh190.jpg\" data-caption-title=\"Widok z okolic Ciemniaka\" data-caption-desc=\"od lewej: Kamienista Smreczy\u0144ski,  Bystra, Starorobocia\u0144ski\" data-attachment-id=\"156\" data-type=\"image\" class=\"fg-thumb\"><span class=\"fg-image-wrap\"><img decoding=\"async\" title=\"Widok z okolic Ciemniaka\" width=\"320\" height=\"240\" class=\"skip-lazy fg-image\" data-src-fg=\"https:\/\/edmor.tktj.pl\/wp-content\/uploads\/cache\/2020\/02\/14-_MG_0578hssh190\/3381978487.jpg\" src=\"data:image\/svg+xml,%3Csvg%20xmlns%3D%22http%3A%2F%2Fwww.w3.org%2F2000%2Fsvg%22%20width%3D%22320%22%20height%3D%22240%22%20viewBox%3D%220%200%20320%20240%22%3E%3C%2Fsvg%3E\" loading=\"eager\"><\/span><span class=\"fg-image-overlay\"><\/span><\/a><figcaption class=\"fg-caption\"><div class=\"fg-caption-inner\"><div class=\"fg-caption-title\">Widok z okolic Ciemniaka<\/div><div class=\"fg-caption-desc\">od lewej: Kamienista Smreczy\u0144ski,  Bystra, Starorobocia\u0144ski<\/div><\/div><\/figcaption><\/figure><div class=\"fg-loader\"><\/div><\/div><div class=\"fg-item fg-type-image fg-idle\"><figure class=\"fg-item-inner\"><a href=\"https:\/\/edmor.tktj.pl\/wp-content\/uploads\/2020\/02\/13-_MG_0786hv.jpg\" data-caption-title=\"Widok z okolic Ciemniaka\" data-caption-desc=\"Krywa\u0144 po prawej\" data-attachment-id=\"155\" data-type=\"image\" class=\"fg-thumb\"><span class=\"fg-image-wrap\"><img decoding=\"async\" title=\"Widok z okolic Ciemniaka\" width=\"320\" height=\"240\" class=\"skip-lazy fg-image\" data-src-fg=\"https:\/\/edmor.tktj.pl\/wp-content\/uploads\/cache\/2020\/02\/13-_MG_0786hv\/4056138632.jpg\" src=\"data:image\/svg+xml,%3Csvg%20xmlns%3D%22http%3A%2F%2Fwww.w3.org%2F2000%2Fsvg%22%20width%3D%22320%22%20height%3D%22240%22%20viewBox%3D%220%200%20320%20240%22%3E%3C%2Fsvg%3E\" loading=\"eager\"><\/span><span class=\"fg-image-overlay\"><\/span><\/a><figcaption class=\"fg-caption\"><div class=\"fg-caption-inner\"><div class=\"fg-caption-title\">Widok z okolic Ciemniaka<\/div><div class=\"fg-caption-desc\">Krywa\u0144 po prawej<\/div><\/div><\/figcaption><\/figure><div class=\"fg-loader\"><\/div><\/div><div class=\"fg-item fg-type-image fg-idle fg-hidden\"><figure class=\"fg-item-inner\"><a href=\"https:\/\/edmor.tktj.pl\/wp-content\/uploads\/2020\/02\/12-_MG_0783hs.jpg\" data-attachment-id=\"154\" data-type=\"image\" class=\"fg-thumb\"><span class=\"fg-image-wrap\"><img decoding=\"async\" width=\"320\" height=\"240\" class=\"skip-lazy fg-image\" data-src-fg=\"https:\/\/edmor.tktj.pl\/wp-content\/uploads\/cache\/2020\/02\/12-_MG_0783hs\/2582649036.jpg\" src=\"data:image\/svg+xml,%3Csvg%20xmlns%3D%22http%3A%2F%2Fwww.w3.org%2F2000%2Fsvg%22%20width%3D%22320%22%20height%3D%22240%22%20viewBox%3D%220%200%20320%20240%22%3E%3C%2Fsvg%3E\" loading=\"eager\"><\/span><span class=\"fg-image-overlay\"><\/span><\/a><figcaption class=\"fg-caption\"><div class=\"fg-caption-inner\"><\/div><\/figcaption><\/figure><div class=\"fg-loader\"><\/div><\/div><div class=\"fg-item fg-type-image fg-idle fg-hidden\"><figure class=\"fg-item-inner\"><a href=\"https:\/\/edmor.tktj.pl\/wp-content\/uploads\/2020\/02\/11-_MG_0885hv.jpg\" data-attachment-id=\"153\" data-type=\"image\" class=\"fg-thumb\"><span class=\"fg-image-wrap\"><img decoding=\"async\" width=\"320\" height=\"240\" class=\"skip-lazy fg-image\" data-src-fg=\"https:\/\/edmor.tktj.pl\/wp-content\/uploads\/cache\/2020\/02\/11-_MG_0885hv\/2055710083.jpg\" src=\"data:image\/svg+xml,%3Csvg%20xmlns%3D%22http%3A%2F%2Fwww.w3.org%2F2000%2Fsvg%22%20width%3D%22320%22%20height%3D%22240%22%20viewBox%3D%220%200%20320%20240%22%3E%3C%2Fsvg%3E\" loading=\"eager\"><\/span><span class=\"fg-image-overlay\"><\/span><\/a><figcaption class=\"fg-caption\"><div class=\"fg-caption-inner\"><\/div><\/figcaption><\/figure><div class=\"fg-loader\"><\/div><\/div><div class=\"fg-item fg-type-image fg-idle fg-hidden\"><figure class=\"fg-item-inner\"><a href=\"https:\/\/edmor.tktj.pl\/wp-content\/uploads\/2020\/02\/10-_MG_0867hvsh.jpg\" data-caption-desc=\"\u015awinica w centrum\" data-attachment-id=\"152\" data-type=\"image\" class=\"fg-thumb\"><span class=\"fg-image-wrap\"><img decoding=\"async\" width=\"320\" height=\"240\" class=\"skip-lazy fg-image\" data-src-fg=\"https:\/\/edmor.tktj.pl\/wp-content\/uploads\/cache\/2020\/02\/10-_MG_0867hvsh\/625808646.jpg\" src=\"data:image\/svg+xml,%3Csvg%20xmlns%3D%22http%3A%2F%2Fwww.w3.org%2F2000%2Fsvg%22%20width%3D%22320%22%20height%3D%22240%22%20viewBox%3D%220%200%20320%20240%22%3E%3C%2Fsvg%3E\" loading=\"eager\"><\/span><span class=\"fg-image-overlay\"><\/span><\/a><figcaption class=\"fg-caption\"><div class=\"fg-caption-inner\"><div class=\"fg-caption-desc\">\u015awinica w centrum<\/div><\/div><\/figcaption><\/figure><div class=\"fg-loader\"><\/div><\/div><div class=\"fg-item fg-type-image fg-idle fg-hidden\"><figure class=\"fg-item-inner\"><a href=\"https:\/\/edmor.tktj.pl\/wp-content\/uploads\/2020\/02\/09-_MG_0864hssh.jpg\" data-caption-desc=\"Krywa\u0144 po prawej\" data-attachment-id=\"151\" data-type=\"image\" class=\"fg-thumb\"><span class=\"fg-image-wrap\"><img decoding=\"async\" width=\"320\" height=\"240\" class=\"skip-lazy fg-image\" data-src-fg=\"https:\/\/edmor.tktj.pl\/wp-content\/uploads\/cache\/2020\/02\/09-_MG_0864hssh\/3040319862.jpg\" src=\"data:image\/svg+xml,%3Csvg%20xmlns%3D%22http%3A%2F%2Fwww.w3.org%2F2000%2Fsvg%22%20width%3D%22320%22%20height%3D%22240%22%20viewBox%3D%220%200%20320%20240%22%3E%3C%2Fsvg%3E\" loading=\"eager\"><\/span><span class=\"fg-image-overlay\"><\/span><\/a><figcaption class=\"fg-caption\"><div class=\"fg-caption-inner\"><div class=\"fg-caption-desc\">Krywa\u0144 po prawej<\/div><\/div><\/figcaption><\/figure><div class=\"fg-loader\"><\/div><\/div><div class=\"fg-item fg-type-image fg-idle fg-hidden\"><figure class=\"fg-item-inner\"><a href=\"https:\/\/edmor.tktj.pl\/wp-content\/uploads\/2020\/02\/08-_MG_0861hv.jpg\" data-attachment-id=\"150\" data-type=\"image\" class=\"fg-thumb\"><span class=\"fg-image-wrap\"><img decoding=\"async\" width=\"320\" height=\"240\" class=\"skip-lazy fg-image\" data-src-fg=\"https:\/\/edmor.tktj.pl\/wp-content\/uploads\/cache\/2020\/02\/08-_MG_0861hv\/2836867616.jpg\" src=\"data:image\/svg+xml,%3Csvg%20xmlns%3D%22http%3A%2F%2Fwww.w3.org%2F2000%2Fsvg%22%20width%3D%22320%22%20height%3D%22240%22%20viewBox%3D%220%200%20320%20240%22%3E%3C%2Fsvg%3E\" loading=\"eager\"><\/span><span class=\"fg-image-overlay\"><\/span><\/a><figcaption class=\"fg-caption\"><div class=\"fg-caption-inner\"><\/div><\/figcaption><\/figure><div class=\"fg-loader\"><\/div><\/div><div class=\"fg-item fg-type-image fg-idle fg-hidden\"><figure class=\"fg-item-inner\"><a href=\"https:\/\/edmor.tktj.pl\/wp-content\/uploads\/2020\/02\/07-_MG_0825hv.jpg\" data-caption-title=\"Prze\u0142\u0119cz Mu\u0142owa\" data-caption-desc=\"Dalej Krzesanica\" data-attachment-id=\"149\" data-type=\"image\" class=\"fg-thumb\"><span class=\"fg-image-wrap\"><img decoding=\"async\" title=\"Prze\u0142\u0119cz Mu\u0142owa\" width=\"320\" height=\"240\" class=\"skip-lazy fg-image\" data-src-fg=\"https:\/\/edmor.tktj.pl\/wp-content\/uploads\/cache\/2020\/02\/07-_MG_0825hv\/3843581139.jpg\" src=\"data:image\/svg+xml,%3Csvg%20xmlns%3D%22http%3A%2F%2Fwww.w3.org%2F2000%2Fsvg%22%20width%3D%22320%22%20height%3D%22240%22%20viewBox%3D%220%200%20320%20240%22%3E%3C%2Fsvg%3E\" loading=\"eager\"><\/span><span class=\"fg-image-overlay\"><\/span><\/a><figcaption class=\"fg-caption\"><div class=\"fg-caption-inner\"><div class=\"fg-caption-title\">Prze\u0142\u0119cz Mu\u0142owa<\/div><div class=\"fg-caption-desc\">Dalej Krzesanica<\/div><\/div><\/figcaption><\/figure><div class=\"fg-loader\"><\/div><\/div><div class=\"fg-item fg-type-image fg-idle fg-hidden\"><figure class=\"fg-item-inner\"><a href=\"https:\/\/edmor.tktj.pl\/wp-content\/uploads\/2020\/02\/06-_MG_0584hv.jpg\" data-attachment-id=\"148\" data-type=\"image\" class=\"fg-thumb\"><span class=\"fg-image-wrap\"><img decoding=\"async\" width=\"320\" height=\"240\" class=\"skip-lazy fg-image\" data-src-fg=\"https:\/\/edmor.tktj.pl\/wp-content\/uploads\/cache\/2020\/02\/06-_MG_0584hv\/2954905827.jpg\" src=\"data:image\/svg+xml,%3Csvg%20xmlns%3D%22http%3A%2F%2Fwww.w3.org%2F2000%2Fsvg%22%20width%3D%22320%22%20height%3D%22240%22%20viewBox%3D%220%200%20320%20240%22%3E%3C%2Fsvg%3E\" loading=\"eager\"><\/span><span class=\"fg-image-overlay\"><\/span><\/a><figcaption class=\"fg-caption\"><div class=\"fg-caption-inner\"><\/div><\/figcaption><\/figure><div class=\"fg-loader\"><\/div><\/div><\/div>\n<nav id=\"foogallery-gallery-163_paging-bottom\" class=\"fg-paging-container fg-ph-dots\"><\/nav>","protected":false},"excerpt":{"rendered":"<p>Na zach\u00f3d s\u0142o\u0144ca na Prze\u0142\u0119czy Kondrackiej przez Ciemniak, Krzesanic\u0119, Ma\u0142o\u0142\u0105czniak I Kop\u0119 Kondrack\u0105 &#8211; by\u0142o pi\u0119knie! Podczas obozu zimowego TKTJ 2020. [ultimate_maps id=&#8221;10&#8243;]<\/p>\n","protected":false},"author":1,"featured_media":0,"parent":0,"menu_order":0,"comment_status":"closed","ping_status":"closed","template":"","meta":{"ngg_post_thumbnail":0,"footnotes":""},"class_list":["post-164","page","type-page","status-publish","hentry"],"_links":{"self":[{"href":"https:\/\/edmor.tktj.pl\/index.php\/wp-json\/wp\/v2\/pages\/164","targetHints":{"allow":["GET"]}}],"collection":[{"href":"https:\/\/edmor.tktj.pl\/index.php\/wp-json\/wp\/v2\/pages"}],"about":[{"href":"https:\/\/edmor.tktj.pl\/index.php\/wp-json\/wp\/v2\/types\/page"}],"author":[{"embeddable":true,"href":"https:\/\/edmor.tktj.pl\/index.php\/wp-json\/wp\/v2\/users\/1"}],"replies":[{"embeddable":true,"href":"https:\/\/edmor.tktj.pl\/index.php\/wp-json\/wp\/v2\/comments?post=164"}],"version-history":[{"count":0,"href":"https:\/\/edmor.tktj.pl\/index.php\/wp-json\/wp\/v2\/pages\/164\/revisions"}],"wp:attachment":[{"href":"https:\/\/edmor.tktj.pl\/index.php\/wp-json\/wp\/v2\/media?parent=164"}],"curies":[{"name":"wp","href":"https:\/\/api.w.org\/{rel}","templated":true}]}}