{"id":201,"date":"2020-02-15T23:14:22","date_gmt":"2020-02-15T22:14:22","guid":{"rendered":"https:\/\/edmor.pl\/?page_id=201"},"modified":"2020-02-15T23:14:22","modified_gmt":"2020-02-15T22:14:22","slug":"wyprawa-na-jebel-toubkal","status":"publish","type":"page","link":"https:\/\/edmor.tktj.pl\/index.php\/wyprawa-na-jebel-toubkal\/","title":{"rendered":"Wyprawa na Jebel Toubkal"},"content":{"rendered":"\n<p class=\"has-very-dark-gray-color has-text-color has-medium-font-size\">Wyprawa na Jebel Toubkal w 2012 roku to z pewno\u015bci\u0105 niezapomniana przygoda, kt\u00f3ra pozwoli\u0142a mi zdoby\u0107 najwy\u017cszy szczyt Maroka, po\u0142o\u017cony w sercu g\u00f3r Atlas. Szczyt Toubkal, wznosz\u0105cy si\u0119 na 4167 m n.p.m., to nie tylko spektakularny punkt na mapie, ale tak\u017ce cel, kt\u00f3ry przyci\u0105ga turyst\u00f3w z ca\u0142ego \u015bwiata dzi\u0119ki swojej stosunkowo \u0142atwej dost\u0119pno\u015bci.<\/p>\n\n\n\n<h2 class=\"wp-block-heading has-text-align-center\">Treking<\/h2>\n\n\n\n<p>Galeria z tej wyprawy to z pewno\u015bci\u0105 pi\u0119kne wspomnienie, kt\u00f3re uchwyci\u0142o zar\u00f3wno majestatyczne krajobrazy, jak i chwil\u0119 wytchnienia w berberyjskim schronisku. Wysokog\u00f3rski trekking na Toubkal to co\u015b wi\u0119cej ni\u017c tylko fizyczne wyzwanie. To do\u015bwiadczenie kontaktu z dzik\u0105 natur\u0105, przej\u015bcie przez malownicze wioski, szlaki, kt\u00f3re prowadz\u0105 przez skaliste prze\u0142\u0119cze, i obcowanie z niepowtarzalnym klimatem tej cz\u0119\u015bci Atlasu.<\/p>\n\n\n\n<p>Szczeg\u00f3lnie pami\u0119tny dla wielu jest moment, gdy wschodz\u0105ce s\u0142o\u0144ce o\u015bwietla szczyty g\u00f3r, a Ty stoisz na samym szczycie Toubkal, czuj\u0105c si\u0119 jak zdobywca \u015bwiata. Wydaje si\u0119, \u017ce przez chwil\u0119 czas staje w miejscu \u2013 z jednej strony rozpo\u015bciera si\u0119 widok na ogromn\u0105 panoram\u0119 Atlasu, z drugiej za\u015b na doliny i wioski, kt\u00f3re skrywaj\u0105 si\u0119 w cieniu g\u00f3rskich zboczy.<\/p>\n\n\n\n<p>Moja galeria na pewno pokazuje wiele emocji zwi\u0105zanych z tym do\u015bwiadczeniem \u2013 od zm\u0119czenia na szlaku, przez zachwycaj\u0105ce widoki po drodze, po wspania\u0142e chwile odpoczynku na szczycie, gdzie ka\u017cda fotografia to przypomnienie o pokonanym wysi\u0142ku i pi\u0119knie natury.<\/p>\n\n\n\n<h2 class=\"wp-block-heading has-text-align-center\">Imlil<\/h2>\n\n\n\n<p>Pami\u0119tam te chwile w Imlil, wiosce, z kt\u00f3rej wyrusza\u0142em na szlak.  To miejsce z tradycyjnymi berberyjskimi domami, kt\u00f3re sprawia wra\u017cenie odleg\u0142ej, zacisznej oazy, b\u0119d\u0105cej wst\u0119pem do tej niezwyk\u0142ej przygody. Przechadzaj\u0105c si\u0119 w\u0105skimi uliczkami Imlil, mo\u017cesz poczu\u0107 prawdziwy, niezmienny rytm \u017cycia Berber\u00f3w, kt\u00f3rych historia si\u0119ga setek lat.<\/p>\n\n\n\n<h2 class=\"wp-block-heading has-text-align-center\">Schronisko<\/h2>\n\n\n\n<p>Schronisko na trasie, w kt\u00f3rym mo\u017cesz sp\u0119dzi\u0107 noc, to z kolei doskona\u0142a okazja do odpoczynku i regeneracji si\u0142. Atmosfera tego miejsca, pe\u0142nego podr\u00f3\u017cnik\u00f3w z r\u00f3\u017cnych zak\u0105tk\u00f3w \u015bwiata, dodaje wyprawie wyj\u0105tkowego charakteru. W poranku, przy fili\u017cance \u015bwie\u017co zaparzonej kawy, mo\u017cesz podziwia\u0107 widok na o\u015bnie\u017cone szczyty i poczu\u0107 si\u0119 cz\u0119\u015bci\u0105 tej g\u00f3rskiej spo\u0142eczno\u015bci.<\/p>\n\n\n\n<h2 class=\"wp-block-heading has-text-align-center\">Fauna i flora<\/h2>\n\n\n\n<p>Wyprawa na Toubkal to jednak nie tylko spacer po okolicy, ale prawdziwy trekking, kt\u00f3ry prowadzi przez r\u00f3\u017cnorodne krajobrazy \u2013 od suchych, skalistych zboczy, przez zielone doliny, a\u017c po bardziej surowe, alpejskie partie g\u00f3ry. W galerii pojawi\u0142y si\u0119 zdj\u0119cia przedstawiaj\u0105ce te zmieniaj\u0105ce si\u0119 widoki: od bujnej ro\u015blinno\u015bci w dolinach, kwiaty oraz minera\u0142y przez ostre, kamieniste grzbiety g\u00f3rskie, a\u017c po szczyty Toubkal, kt\u00f3re majestatycznie wznosz\u0105 si\u0119 nad reszt\u0105 Atlasu.<\/p>\n\n\n\n<p class=\"has-very-dark-gray-color has-text-color has-medium-font-size\">Galeria z tej wyprawy to prawdziwa opowie\u015b\u0107 o po\u0142\u0105czeniu pasji do trekkingu z odkrywaniem pi\u0119kna natury oraz kultur, kt\u00f3re j\u0105 otaczaj\u0105. Z pewno\u015bci\u0105 jest to pami\u0105tka na ca\u0142e \u017cycie, kt\u00f3ra przypomina Ci, \u017ce g\u00f3ry, mimo i\u017c wymagaj\u0105 wysi\u0142ku, oferuj\u0105 w zamian niezr\u00f3wnane nagrody w postaci spektakularnych widok\u00f3w i niezapomnianych chwil.<\/p>\n\n\n\n<p><\/p>\n\n\n\n<p class=\"has-text-align-center\">[ultimate_maps id=&#8221;5&#8243;]<\/p>\n\n\n\n<h6 class=\"wp-block-heading has-text-align-center\">Please see my photo report:<\/h6>\n\n\n\n<figure class=\"wp-block-image aligncenter is-resized\"><a href=\"http:\/\/edmor.tktj.pl\/fa\/2012\/wtubkal2012\/index.html\" target=\"_blank\" rel=\"noreferrer noopener\"><img decoding=\"async\" src=\"http:\/\/edmor.tktj.pl\/fa\/2012\/wtubkal2012\/wtubkal2012.jpg\" alt=\"Jebel Toubkal Maroc 2012\" style=\"width:751px;height:290px\"\/><\/a><\/figure>\n\n\n\n<p class=\"has-text-align-center\"><a href=\"https:\/\/www.laurazja.pl\/13785-jedno-oko-na-maroko\">Jedno oko na Maroko &#8211; polecam<\/a><\/p>\n\n\n\n<p class=\"has-text-align-center\"><a href=\"https:\/\/www.edmor.pl\/fa\/2012\/wmaroc2012\/8%2014%2017%2007%202012%20Atlas\/index.html\">Zobacz te\u017c galeri\u0119 Atlas<\/a><\/p>\n\n\n\n<p><\/p>\n","protected":false},"excerpt":{"rendered":"<p>Wyprawa na Jebel Toubkal w 2012 roku to z pewno\u015bci\u0105 niezapomniana przygoda, kt\u00f3ra pozwoli\u0142a mi zdoby\u0107 najwy\u017cszy szczyt Maroka, po\u0142o\u017cony w sercu g\u00f3r Atlas. Szczyt Toubkal, wznosz\u0105cy si\u0119 na 4167 m n.p.m., to nie tylko spektakularny punkt na mapie, ale tak\u017ce cel, kt\u00f3ry przyci\u0105ga turyst\u00f3w z ca\u0142ego \u015bwiata dzi\u0119ki swojej stosunkowo \u0142atwej dost\u0119pno\u015bci. Treking Galeria [&hellip;]<\/p>\n","protected":false},"author":1,"featured_media":0,"parent":0,"menu_order":0,"comment_status":"closed","ping_status":"closed","template":"","meta":{"ngg_post_thumbnail":0,"footnotes":""},"class_list":["post-201","page","type-page","status-publish","hentry"],"_links":{"self":[{"href":"https:\/\/edmor.tktj.pl\/index.php\/wp-json\/wp\/v2\/pages\/201","targetHints":{"allow":["GET"]}}],"collection":[{"href":"https:\/\/edmor.tktj.pl\/index.php\/wp-json\/wp\/v2\/pages"}],"about":[{"href":"https:\/\/edmor.tktj.pl\/index.php\/wp-json\/wp\/v2\/types\/page"}],"author":[{"embeddable":true,"href":"https:\/\/edmor.tktj.pl\/index.php\/wp-json\/wp\/v2\/users\/1"}],"replies":[{"embeddable":true,"href":"https:\/\/edmor.tktj.pl\/index.php\/wp-json\/wp\/v2\/comments?post=201"}],"version-history":[{"count":0,"href":"https:\/\/edmor.tktj.pl\/index.php\/wp-json\/wp\/v2\/pages\/201\/revisions"}],"wp:attachment":[{"href":"https:\/\/edmor.tktj.pl\/index.php\/wp-json\/wp\/v2\/media?parent=201"}],"curies":[{"name":"wp","href":"https:\/\/api.w.org\/{rel}","templated":true}]}}