{"id":2066,"date":"2020-02-17T20:56:37","date_gmt":"2020-02-17T19:56:37","guid":{"rendered":"https:\/\/edmor.pl\/?page_id=2066"},"modified":"2020-02-17T20:56:37","modified_gmt":"2020-02-17T19:56:37","slug":"lubszecka-gora","status":"publish","type":"page","link":"https:\/\/edmor.tktj.pl\/index.php\/lubszecka-gora\/","title":{"rendered":"Lubszecka G\u00f3ra"},"content":{"rendered":"\n<p class=\"has-text-align-center\">Tajemnicza mogi\u0142a<\/p>\n\n\n\n<p>Jeszcze w pierwszej po\u0142owie XX wieku, na Lubszeckiej G\u00f3rze, w g\u0119stych zaro\u015blach, tam gdzie osta\u0142y si\u0119 jeno w du\u017cej ilo\u015bci gruzy piaskowca, sta\u0142 tajemniczy, baniastego kszta\u0142tu pomnik z wyrytym napisem: \u201eMiller\u201d. Jak chce prastare podanie, w tym to miejscu znalaz\u0142 wieczny spoczynek dow\u00f3dca szwedzkich wojsk, kt\u00f3re w 1655 roku szturmowa\u0142y klasztor na Jasnej G\u00f3rze. Nieugi\u0119ta postawa obro\u0144c\u00f3w sprawi\u0142a, \u017ce Szwedzi odst\u0105pili od obl\u0119\u017cenia i n\u0119kani przez Polak\u00f3w odeszli na po\u0142udnie. W jednej, p\u00f3\u017aniej maj\u0105cej miejsce potyczce \u015bmier\u0107 dosi\u0119g\u0142a tak\u017ce dumnego szwedzkiego wodza, genera\u0142a Millera, kt\u00f3rego jak powiada legenda, pochowano w dobrach \u00f3wczesnego, protestanckiego dziedzica Lubszy, Baltazara Frankenberga. \u0141ucja Jasionek: Materia\u0142y do historii parafii i ko\u015bcio\u0142a w Lubszy.<\/p>\n\n\n\n<p>R\u0119kopis przechowywany w Archiwum Parafii \u015bw. Jakuba Starszego w Lubszy; Bernard Szczech: Legendy Lubszy i okolic. Lubsza 1998, s.11.<\/p>\n\n\n\n<p class=\"has-text-align-center\">[ultimate_maps id=&#8221;8&#8243;]<\/p>\n\n\n\nngg_shortcode_0_placeholder\n","protected":false},"excerpt":{"rendered":"<p>Tajemnicza mogi\u0142a Jeszcze w pierwszej po\u0142owie XX wieku, na Lubszeckiej G\u00f3rze, w g\u0119stych zaro\u015blach, tam gdzie osta\u0142y si\u0119 jeno w du\u017cej ilo\u015bci gruzy piaskowca, sta\u0142 tajemniczy, baniastego kszta\u0142tu pomnik z wyrytym napisem: \u201eMiller\u201d. Jak chce prastare podanie, w tym to miejscu znalaz\u0142 wieczny spoczynek dow\u00f3dca szwedzkich wojsk, kt\u00f3re w 1655 roku szturmowa\u0142y klasztor na Jasnej [&hellip;]<\/p>\n","protected":false},"author":1,"featured_media":0,"parent":0,"menu_order":0,"comment_status":"closed","ping_status":"closed","template":"","meta":{"ngg_post_thumbnail":0,"footnotes":""},"class_list":["post-2066","page","type-page","status-publish","hentry"],"_links":{"self":[{"href":"https:\/\/edmor.tktj.pl\/index.php\/wp-json\/wp\/v2\/pages\/2066","targetHints":{"allow":["GET"]}}],"collection":[{"href":"https:\/\/edmor.tktj.pl\/index.php\/wp-json\/wp\/v2\/pages"}],"about":[{"href":"https:\/\/edmor.tktj.pl\/index.php\/wp-json\/wp\/v2\/types\/page"}],"author":[{"embeddable":true,"href":"https:\/\/edmor.tktj.pl\/index.php\/wp-json\/wp\/v2\/users\/1"}],"replies":[{"embeddable":true,"href":"https:\/\/edmor.tktj.pl\/index.php\/wp-json\/wp\/v2\/comments?post=2066"}],"version-history":[{"count":0,"href":"https:\/\/edmor.tktj.pl\/index.php\/wp-json\/wp\/v2\/pages\/2066\/revisions"}],"wp:attachment":[{"href":"https:\/\/edmor.tktj.pl\/index.php\/wp-json\/wp\/v2\/media?parent=2066"}],"curies":[{"name":"wp","href":"https:\/\/api.w.org\/{rel}","templated":true}]}}