{"id":207,"date":"2020-02-15T23:20:54","date_gmt":"2020-02-15T22:20:54","guid":{"rendered":"https:\/\/edmor.pl\/?page_id=207"},"modified":"2020-02-15T23:20:54","modified_gmt":"2020-02-15T22:20:54","slug":"zlota-swiatynia-w-amritsar","status":"publish","type":"page","link":"https:\/\/edmor.tktj.pl\/index.php\/zlota-swiatynia-w-amritsar\/","title":{"rendered":"Z\u0142ota \u015awi\u0105tynia w Amritsar"},"content":{"rendered":"\n<h1 class=\"wp-block-heading has-text-align-center\">Z\u0142ota \u015awi\u0105tynia w Amritsar, Indie<\/h1>\n\n\n<div class=\"content\"><br>\n<p>W 2013 roku mia\u0142em niezwyk\u0142\u0105 okazj\u0119 odwiedzi\u0107 niesamowite miejsce &#8222;Z\u0142ota \u015awi\u0105tynia w Amritsar&#8221;, znan\u0105 r\u00f3wnie\u017c jako Harmandir Sahib,&nbsp; jednym z najwa\u017cniejszych miejsc dla wyznawc\u00f3w Sikhizmu. To niezapomniane do\u015bwiadczenie, kt\u00f3re pozostawi\u0142o g\u0142\u0119boki \u015blad w mojej pami\u0119ci.<\/p>\n<p>Podczas mojej wizyty w \u015bwi\u0105tyni, zafascynowa\u0142 mnie rytua\u0142 odczytywania \u015bwi\u0119tej ksi\u0119gi Sikh\u00f3w \u2013 Guru Granth Sahib. To wyj\u0105tkowe wydarzenie, kt\u00f3re odbywa si\u0119 nieprzerwanie przez ca\u0142\u0105 dob\u0119, z kap\u0142anami zmieniaj\u0105cymi si\u0119 co dwie godziny. D\u017awi\u0119ki odczytywanych werset\u00f3w, po\u0142\u0105czone z spokojem miejsca, tworzy\u0142y atmosfer\u0119 duchowego uniesienia i g\u0142\u0119bokiej refleksji.<\/p>\n<p>Jednym z najbardziej zapadaj\u0105cych w pami\u0119\u0107 moment\u00f3w by\u0142a niezwyk\u0142a architektura \u015bwi\u0105tyni. W 1803 roku zosta\u0142a ona pokryta cienk\u0105 warstw\u0105 poz\u0142acanej blachy, ofiarowanej przez maharad\u017c\u0119 Ranjita Singha. Z\u0142ota pow\u0142oka, mieni\u0105ca si\u0119 w blasku s\u0142o\u0144ca, nadaje \u015bwi\u0105tyni majestatyczny i niemal mistyczny wygl\u0105d. Otoczona wod\u0105, z\u0142ota \u015bwi\u0105tynia stanowi centrum duchowego \u017cycia Sikh\u00f3w, a widok jej odbicia w wodzie pot\u0119guje wra\u017cenie spokoju i harmonii, kt\u00f3re panuj\u0105 w tym miejscu.<\/p>\n<p>M\u00f3j pobyt w Z\u0142otej \u015awi\u0105tyni by\u0142 jednym z wa\u017cniejszych punkt\u00f3w mojej podr\u00f3\u017cy po Indiach. To miejsce pe\u0142ne ciszy, modlitwy i refleksji, kt\u00f3re otworzy\u0142o przede mn\u0105 nowy wymiar duchowo\u015bci i pokoju.<\/p>\n<p>[ultimate_maps id=&#8221;4&#8243;]<\/p>\n<p>&nbsp;<\/p>\n<p style=\"text-align: center;\"><strong>Please see my photo report:<\/strong><\/p>\n<figure><a href=\"http:\/\/edmor.tktj.pl\/fa\/2013\/wamrit\/index.html\" target=\"_blank\" rel=\"noopener noreferrer\"><img decoding=\"async\" src=\"http:\/\/edmor.tktj.pl\/fa\/2013\/wamrit\/slides\/P1810187.JPG\" alt=\"Z\u0142ota \u015awi\u0105tynia w Amritsar\" border=\"4\"><\/a><\/figure>\n<p><a title=\"http:\/\/pl.wikipedia.org\/wiki\/Amritsar\" href=\"http:\/\/pl.wikipedia.org\/wiki\/Amritsar\">http:\/\/pl.wikipedia.org\/wiki\/Amritsar<\/a><br><a title=\"http:\/\/www.amritsar.com\/\" href=\"http:\/\/www.amritsar.com\/\">http:\/\/www.amritsar.com\/<\/a><\/p>\n<\/div>\n<p><a href=\"http:\/\/edmor.tktj.pl\/faces-of-india-2013\/\">Zobacz te\u017c album: Faces of India 2013 &#8211; portrety ludzi kt\u00f3rych spotka\u0142em w Indiach<\/a><\/p>\n\n\n<p><\/p>\n","protected":false},"excerpt":{"rendered":"<p>Z\u0142ota \u015awi\u0105tynia w Amritsar, Indie W 2013 roku mia\u0142em niezwyk\u0142\u0105 okazj\u0119 odwiedzi\u0107 niesamowite miejsce &#8222;Z\u0142ota \u015awi\u0105tynia w Amritsar&#8221;, znan\u0105 r\u00f3wnie\u017c jako Harmandir Sahib,&nbsp; jednym z najwa\u017cniejszych miejsc dla wyznawc\u00f3w Sikhizmu. To niezapomniane do\u015bwiadczenie, kt\u00f3re pozostawi\u0142o g\u0142\u0119boki \u015blad w mojej pami\u0119ci. Podczas mojej wizyty w \u015bwi\u0105tyni, zafascynowa\u0142 mnie rytua\u0142 odczytywania \u015bwi\u0119tej ksi\u0119gi Sikh\u00f3w \u2013 Guru Granth [&hellip;]<\/p>\n","protected":false},"author":1,"featured_media":0,"parent":0,"menu_order":0,"comment_status":"closed","ping_status":"closed","template":"","meta":{"ngg_post_thumbnail":0,"footnotes":""},"class_list":["post-207","page","type-page","status-publish","hentry"],"_links":{"self":[{"href":"https:\/\/edmor.tktj.pl\/index.php\/wp-json\/wp\/v2\/pages\/207","targetHints":{"allow":["GET"]}}],"collection":[{"href":"https:\/\/edmor.tktj.pl\/index.php\/wp-json\/wp\/v2\/pages"}],"about":[{"href":"https:\/\/edmor.tktj.pl\/index.php\/wp-json\/wp\/v2\/types\/page"}],"author":[{"embeddable":true,"href":"https:\/\/edmor.tktj.pl\/index.php\/wp-json\/wp\/v2\/users\/1"}],"replies":[{"embeddable":true,"href":"https:\/\/edmor.tktj.pl\/index.php\/wp-json\/wp\/v2\/comments?post=207"}],"version-history":[{"count":0,"href":"https:\/\/edmor.tktj.pl\/index.php\/wp-json\/wp\/v2\/pages\/207\/revisions"}],"wp:attachment":[{"href":"https:\/\/edmor.tktj.pl\/index.php\/wp-json\/wp\/v2\/media?parent=207"}],"curies":[{"name":"wp","href":"https:\/\/api.w.org\/{rel}","templated":true}]}}