{"id":216,"date":"2020-02-16T21:29:15","date_gmt":"2020-02-16T20:29:15","guid":{"rendered":"https:\/\/edmor.pl\/?page_id=216"},"modified":"2020-02-16T21:29:15","modified_gmt":"2020-02-16T20:29:15","slug":"via-ferrata-ivano-dibona","status":"publish","type":"page","link":"https:\/\/edmor.tktj.pl\/index.php\/via-ferrata-ivano-dibona\/","title":{"rendered":"Via Ferrata Ivano Dibona"},"content":{"rendered":"\n<h6 class=\"has-text-align-center wp-block-heading\">  Please see my photo report: <\/h6>\n\n\n\n<div class=\"wp-block-image\"><figure class=\"aligncenter\"><a href=\"https:\/\/www.edmor.pl\/fa\/2011\/wdibona2011\/index.html\" target=\"_blank\" rel=\"noreferrer noopener\"><img decoding=\"async\" src=\"https:\/\/www.edmor.pl\/fa\/2011\/wdibona2011\/wdibona2011.jpg\" alt=\"Via Ferrata Ivano_Dibona_Cristallo\"\/><\/a><\/figure><\/div>\n\n\n<p><b>Sentiero Ferrato Iwano Dibona<\/b>&nbsp;&#8211; droga spacerowa wzd\u0142u\u017c grani Zurlon, g\u0142\u00f3wnego grzbietu&nbsp;Cristallo, grupy g\u00f3rskiej we w\u0142oskich Dolomitach, na p\u00f3\u0142nocny wsch\u00f3d od&nbsp;Cortina d&#8217;Ampezzo, w prowincji&nbsp;Belluno, we&nbsp;W\u0142oszech.<\/p>\n<p>Szlak Ivano Dibona by\u0142 pierwotnie u\u017cywany przez w\u0142oskie wojska podczas&nbsp;pierwszej wojny \u015bwiatowej. Droga zosta\u0142a oddana do ruchu turystycznego we wrze\u015bniu 1970 roku. Jego nazwa pochodzi od Ivano Dibona, kt\u00f3ry zgin\u0105\u0142 na Cristallo w 1968. Na trasie s\u0105 widoczne liczne pozosta\u0142o\u015bci wojskowych umocnie\u0144 z lat 1915\/17.<\/p>\n<p>Trasa rozpoczyna si\u0119 od&nbsp;<i>Forcella Staunies<\/i>&nbsp;(2919 m), na kt\u00f3r\u0105 od po\u0142udniowej strony prowadzi kolejka linowa, a ko\u0144czy si\u0119 w&nbsp;<i>Rifugio Ospitale<\/i>&nbsp;w Val Felizon. W pocz\u0105tkowym fragmencie przebiega, przez najd\u0142u\u017cszy, spo\u015br\u00f3d spotykanych w Dolomitach, wisz\u0105cy most Ponte Cristallo, o d\u0142ugo\u015bci 27 metr\u00f3w. Most ten zosta\u0142 wykorzystany w filmie z 1993 roku &#8222;Na kraw\u0119dzi&#8221;.<\/p>\n<p>Szczyt&nbsp;Cristallino d&#8217;Ampezzo&nbsp;(3008 m) mo\u017cna osi\u0105gn\u0105\u0107, kr\u00f3tkim odej\u015bciem z g\u0142\u00f3wnego szlaku, w oko\u0142o 15 minut.<\/p>\n<p>W dalszym etapie droga schodzi w kierunku&nbsp;<i>Forcella Grande<\/i>, przebiega przez&nbsp;<i>Forcella Padeon<\/i>,&nbsp;<i>Forcella Alta<\/i>&nbsp;i&nbsp;<i>Forcella Bassa<\/i>, a nast\u0119pnie wzd\u0142u\u017c grani przez szczyty&nbsp;Zurlon&nbsp;(2363 m) i&nbsp;Col di Stombi&nbsp;(2168 m), schodz\u0105c w d\u00f3\u0142 do&nbsp;<i>Ospitale<\/i>.<\/p>\n<p>VF Ivano Dibona [online]. Wikipedia&nbsp;: wolna encyklopedia, 2015-11-07 13:31Z [dost\u0119p: 2019-12-11 21:27Z]. Dost\u0119pny w Internecie: \/\/pl.wikipedia.org\/w\/index.php?title=VF_Ivano_Dibona&amp;oldid=44019191<\/p>\n\n\n<figure class=\"wp-block-embed-wordpress wp-block-embed is-type-wp-embed is-provider-gory-dla-ciebie-najciekawsze-wycieczki-gorskie-ferraty-rowery-narty\"><div class=\"wp-block-embed__wrapper\">\n<blockquote class=\"wp-embedded-content\" data-secret=\"xvrWYr5eut\"><a href=\"https:\/\/gorydlaciebie.pl\/wyprawy\/ferraty-masywu-cristallo-marino-bianchi-i-ivano-dibona\/\">Ferraty masywu Cristallo &#8211; Marino Bianchi i Ivano Dibona<\/a><\/blockquote><iframe loading=\"lazy\" class=\"wp-embedded-content\" sandbox=\"allow-scripts\" security=\"restricted\" style=\"position: absolute; visibility: hidden;\" title=\"&#8222;Ferraty masywu Cristallo &#8211; Marino Bianchi i Ivano Dibona&#8221; &#8212; G\u00f3ry dla Ciebie | Najciekawsze wycieczki g\u00f3rskie, ferraty, rowery, narty\" src=\"https:\/\/gorydlaciebie.pl\/wyprawy\/ferraty-masywu-cristallo-marino-bianchi-i-ivano-dibona\/embed\/#?secret=uPI0TC1JqJ#?secret=xvrWYr5eut\" data-secret=\"xvrWYr5eut\" width=\"500\" height=\"282\" frameborder=\"0\" marginwidth=\"0\" marginheight=\"0\" scrolling=\"no\"><\/iframe>\n<\/div><\/figure>\n","protected":false},"excerpt":{"rendered":"<p>Please see my photo report: Sentiero Ferrato Iwano Dibona&nbsp;&#8211; droga spacerowa wzd\u0142u\u017c grani Zurlon, g\u0142\u00f3wnego grzbietu&nbsp;Cristallo, grupy g\u00f3rskiej we w\u0142oskich Dolomitach, na p\u00f3\u0142nocny wsch\u00f3d od&nbsp;Cortina d&#8217;Ampezzo, w prowincji&nbsp;Belluno, we&nbsp;W\u0142oszech. Szlak Ivano Dibona by\u0142 pierwotnie u\u017cywany przez w\u0142oskie wojska podczas&nbsp;pierwszej wojny \u015bwiatowej. Droga zosta\u0142a oddana do ruchu turystycznego we wrze\u015bniu 1970 roku. Jego nazwa pochodzi od [&hellip;]<\/p>\n","protected":false},"author":1,"featured_media":0,"parent":0,"menu_order":0,"comment_status":"closed","ping_status":"closed","template":"","meta":{"ngg_post_thumbnail":0,"footnotes":""},"class_list":["post-216","page","type-page","status-publish","hentry"],"_links":{"self":[{"href":"https:\/\/edmor.tktj.pl\/index.php\/wp-json\/wp\/v2\/pages\/216","targetHints":{"allow":["GET"]}}],"collection":[{"href":"https:\/\/edmor.tktj.pl\/index.php\/wp-json\/wp\/v2\/pages"}],"about":[{"href":"https:\/\/edmor.tktj.pl\/index.php\/wp-json\/wp\/v2\/types\/page"}],"author":[{"embeddable":true,"href":"https:\/\/edmor.tktj.pl\/index.php\/wp-json\/wp\/v2\/users\/1"}],"replies":[{"embeddable":true,"href":"https:\/\/edmor.tktj.pl\/index.php\/wp-json\/wp\/v2\/comments?post=216"}],"version-history":[{"count":0,"href":"https:\/\/edmor.tktj.pl\/index.php\/wp-json\/wp\/v2\/pages\/216\/revisions"}],"wp:attachment":[{"href":"https:\/\/edmor.tktj.pl\/index.php\/wp-json\/wp\/v2\/media?parent=216"}],"curies":[{"name":"wp","href":"https:\/\/api.w.org\/{rel}","templated":true}]}}