{"id":217,"date":"2020-02-16T21:45:24","date_gmt":"2020-02-16T20:45:24","guid":{"rendered":"https:\/\/edmor.pl\/?page_id=217"},"modified":"2020-02-16T21:45:24","modified_gmt":"2020-02-16T20:45:24","slug":"via-ferrata-marino-bianchi-2","status":"publish","type":"page","link":"https:\/\/edmor.tktj.pl\/index.php\/via-ferrata-marino-bianchi-2\/","title":{"rendered":"Via Ferrata Marino Bianchi"},"content":{"rendered":"\n<h5 class=\"has-text-align-center wp-block-heading\">Via Ferrata Marino Bianchi<\/h5>\n\n\n\n<p>Dwie ferraty: Ivano Dibona i Marino Bianchi zaczynaj\u0105 si\u0119 od schroniska Guido Lorenzi.  Marino Bianchi prowadzi na Cristallo di Mezzo (2932 m).  Z&nbsp;powod\u00f3w technicznych&nbsp;24.07.2016 r. (do odwo\u0142ania) zamkni\u0119to kolejk\u0119 na na Prze\u0142\u0119cz Forcella Staunies (2930 m) .<\/p>\n\n\n\n<h6 class=\"has-text-align-center wp-block-heading\">Please see my photo report:<\/h6>\n\n\n\n<div class=\"wp-block-image\"><figure class=\"aligncenter\"><a href=\"http:\/\/edmor.tktj.pl\/fa\/2011\/wbianchi2011\/index.html\" target=\"_blank\" rel=\"noreferrer noopener\"><img decoding=\"async\" src=\"https:\/\/www.edmor.pl\/fa\/2011\/wbianchi2011\/wbianchi2011.jpg\" alt=\"Via Ferrata_Marino_Bianchi\n\"\/><\/a><\/figure><\/div>\n","protected":false},"excerpt":{"rendered":"<p>Via Ferrata Marino Bianchi Dwie ferraty: Ivano Dibona i Marino Bianchi zaczynaj\u0105 si\u0119 od schroniska Guido Lorenzi. Marino Bianchi prowadzi na Cristallo di Mezzo (2932 m). Z&nbsp;powod\u00f3w technicznych&nbsp;24.07.2016 r. (do odwo\u0142ania) zamkni\u0119to kolejk\u0119 na na Prze\u0142\u0119cz Forcella Staunies (2930 m) . Please see my photo report:<\/p>\n","protected":false},"author":1,"featured_media":0,"parent":0,"menu_order":0,"comment_status":"closed","ping_status":"closed","template":"","meta":{"ngg_post_thumbnail":0,"footnotes":""},"class_list":["post-217","page","type-page","status-publish","hentry"],"_links":{"self":[{"href":"https:\/\/edmor.tktj.pl\/index.php\/wp-json\/wp\/v2\/pages\/217","targetHints":{"allow":["GET"]}}],"collection":[{"href":"https:\/\/edmor.tktj.pl\/index.php\/wp-json\/wp\/v2\/pages"}],"about":[{"href":"https:\/\/edmor.tktj.pl\/index.php\/wp-json\/wp\/v2\/types\/page"}],"author":[{"embeddable":true,"href":"https:\/\/edmor.tktj.pl\/index.php\/wp-json\/wp\/v2\/users\/1"}],"replies":[{"embeddable":true,"href":"https:\/\/edmor.tktj.pl\/index.php\/wp-json\/wp\/v2\/comments?post=217"}],"version-history":[{"count":0,"href":"https:\/\/edmor.tktj.pl\/index.php\/wp-json\/wp\/v2\/pages\/217\/revisions"}],"wp:attachment":[{"href":"https:\/\/edmor.tktj.pl\/index.php\/wp-json\/wp\/v2\/media?parent=217"}],"curies":[{"name":"wp","href":"https:\/\/api.w.org\/{rel}","templated":true}]}}