{"id":2682,"date":"2020-02-17T20:58:22","date_gmt":"2020-02-17T19:58:22","guid":{"rendered":"https:\/\/edmor.pl\/?page_id=2682"},"modified":"2020-02-17T20:58:22","modified_gmt":"2020-02-17T19:58:22","slug":"kosciol-sw-wawrzynca-w-cynkowie","status":"publish","type":"page","link":"https:\/\/edmor.tktj.pl\/index.php\/kosciol-sw-wawrzynca-w-cynkowie\/","title":{"rendered":"Ko\u015bci\u00f3\u0142 \u015bw. Wawrzy\u0144ca w Cynkowie"},"content":{"rendered":"\n<p>Ko\u015bci\u00f3\u0142 \u015bw. Wawrzy\u0144ca w Cynkowie \u2013 zabytkowy ko\u015bci\u00f3\u0142 katolicki znajduj\u0105cy si\u0119 w Cynkowie w gminie Kozieg\u0142owy w powiecie myszkowskim w wojew\u00f3dztwie \u015bl\u0105skim.<\/p>\n\n\n\n<p>Zosta\u0142 zbudowany w XVII wieku przez budowniczego \u2013 by\u0142 nim cie\u015bla, Walenty Ruray z Pyskowic. Drewniany budynek wzniesiono w szczeg\u00f3lnej konstrukcji: sumikowo-\u0142\u0105tkowej. Sumiki \u2013 poziome bale wsuwane w wy\u017c\u0142obienia w \u0142\u0105tkach (s\u0142upkach) po\u0142\u0105czonych na wpusty z podwalin\u0105 i oczepem. W dniu 10 sierpnia Ko\u015bci\u00f3\u0142 powszechny obchodzi \u015bwi\u0119to \u015bw. Wawrzy\u0144ca, diakona i m\u0119czennika. Poni\u00f3s\u0142 \u015bmier\u0107 m\u0119cze\u0144sk\u0105 podczas prze\u015bladowania za cesarza Waleriana, w czterna\u015bcie dni po \u015bmierci papie\u017ca Sykstusa II, kt\u00f3rego um\u0119czono razem z czterema diakonami, a nad jego grobem cesarz Konstantyn Wielki zbudowa\u0142 bazylik\u0119. Patron kucharzy, piekarzy, uczni\u00f3w, student\u00f3w, ubogich, bibliotek, administrator\u00f3w, stra\u017cy po\u017carnych, ratownik\u00f3w i winnic. <\/p>\n\n\n\nngg_shortcode_0_placeholder\n","protected":false},"excerpt":{"rendered":"<p>Ko\u015bci\u00f3\u0142 \u015bw. Wawrzy\u0144ca w Cynkowie \u2013 zabytkowy ko\u015bci\u00f3\u0142 katolicki znajduj\u0105cy si\u0119 w Cynkowie w gminie Kozieg\u0142owy w powiecie myszkowskim w wojew\u00f3dztwie \u015bl\u0105skim. Zosta\u0142 zbudowany w XVII wieku przez budowniczego \u2013 by\u0142 nim cie\u015bla, Walenty Ruray z Pyskowic. Drewniany budynek wzniesiono w szczeg\u00f3lnej konstrukcji: sumikowo-\u0142\u0105tkowej. Sumiki \u2013 poziome bale wsuwane w wy\u017c\u0142obienia w \u0142\u0105tkach (s\u0142upkach) po\u0142\u0105czonych [&hellip;]<\/p>\n","protected":false},"author":1,"featured_media":0,"parent":0,"menu_order":0,"comment_status":"closed","ping_status":"closed","template":"","meta":{"ngg_post_thumbnail":0,"footnotes":""},"class_list":["post-2682","page","type-page","status-publish","hentry"],"_links":{"self":[{"href":"https:\/\/edmor.tktj.pl\/index.php\/wp-json\/wp\/v2\/pages\/2682","targetHints":{"allow":["GET"]}}],"collection":[{"href":"https:\/\/edmor.tktj.pl\/index.php\/wp-json\/wp\/v2\/pages"}],"about":[{"href":"https:\/\/edmor.tktj.pl\/index.php\/wp-json\/wp\/v2\/types\/page"}],"author":[{"embeddable":true,"href":"https:\/\/edmor.tktj.pl\/index.php\/wp-json\/wp\/v2\/users\/1"}],"replies":[{"embeddable":true,"href":"https:\/\/edmor.tktj.pl\/index.php\/wp-json\/wp\/v2\/comments?post=2682"}],"version-history":[{"count":0,"href":"https:\/\/edmor.tktj.pl\/index.php\/wp-json\/wp\/v2\/pages\/2682\/revisions"}],"wp:attachment":[{"href":"https:\/\/edmor.tktj.pl\/index.php\/wp-json\/wp\/v2\/media?parent=2682"}],"curies":[{"name":"wp","href":"https:\/\/api.w.org\/{rel}","templated":true}]}}