{"id":305,"date":"2020-02-17T12:04:25","date_gmt":"2020-02-17T11:04:25","guid":{"rendered":"https:\/\/edmor.pl\/?page_id=305"},"modified":"2020-02-17T12:04:25","modified_gmt":"2020-02-17T11:04:25","slug":"coglowa-gora","status":"publish","type":"page","link":"https:\/\/edmor.tktj.pl\/index.php\/coglowa-gora\/","title":{"rendered":"Coglowa G\u00f3ra"},"content":{"rendered":"\n<p>Coglowa G\u00f3ra w Wo\u017anikach kryje w sobie prawdziw\u0105 pere\u0142k\u0119 \u2013 dostrzegalni\u0119 przeciwpo\u017carow\u0105, wzniesion\u0105 w 2006 roku. \ud83d\udd2d Ta imponuj\u0105ca wie\u017ca o wysoko\u015bci 36,5 metra oferuje zapieraj\u0105ce dech w piersiach widoki na kilkadziesi\u0105t kilometr\u00f3w. Z jej szczytu mo\u017cna podziwia\u0107 Sokole G\u00f3ry na Jurze Krakowsko-Cz\u0119stochowskiej, \u015bl\u0105skie wzniesienia oraz charakterystyczne kominy regionu. \ud83c\udf04<\/p>\n\n\n\n<p>Ale to nie wszystko! Dzi\u0119ki minimalnemu zanieczyszczeniu \u015bwiat\u0142em, dostrzegalnia jest r\u00f3wnie\u017c \u015bwietnym miejscem do obserwacji astronomicznych. \ud83c\udf0c Gwiazdy, planety, komety, roje meteoryt\u00f3w, a przy sprzyjaj\u0105cych warunkach nawet zorza polarna \u2013 niebo w tym miejscu zachwyca swoim pi\u0119knem! \ud83c\udf20<\/p>\n\n\n\n<p>Idealne miejsce dla mi\u0142o\u015bnik\u00f3w przyrody, panoram i gwiezdnych spektakli! \u2728<\/p>\n\n\n\n<p>#Dostrzegalnia #CoglowaG\u00f3ra #\u015al\u0105sk #JuraKrakowskoCz\u0119stochowska #PunktWidokowy #ObserwacjeAstronomiczne #Gwiazdy #SokoleG\u00f3ry #Panorama #Turystyka<\/p>\n\n\n\nngg_shortcode_0_placeholder\n\n\n\n<p><\/p>\n","protected":false},"excerpt":{"rendered":"<p>Coglowa G\u00f3ra w Wo\u017anikach kryje w sobie prawdziw\u0105 pere\u0142k\u0119 \u2013 dostrzegalni\u0119 przeciwpo\u017carow\u0105, wzniesion\u0105 w 2006 roku. \ud83d\udd2d Ta imponuj\u0105ca wie\u017ca o wysoko\u015bci 36,5 metra oferuje zapieraj\u0105ce dech w piersiach widoki na kilkadziesi\u0105t kilometr\u00f3w. Z jej szczytu mo\u017cna podziwia\u0107 Sokole G\u00f3ry na Jurze Krakowsko-Cz\u0119stochowskiej, \u015bl\u0105skie wzniesienia oraz charakterystyczne kominy regionu. \ud83c\udf04 Ale to nie wszystko! Dzi\u0119ki [&hellip;]<\/p>\n","protected":false},"author":1,"featured_media":0,"parent":0,"menu_order":0,"comment_status":"closed","ping_status":"closed","template":"","meta":{"ngg_post_thumbnail":0,"footnotes":""},"class_list":["post-305","page","type-page","status-publish","hentry"],"_links":{"self":[{"href":"https:\/\/edmor.tktj.pl\/index.php\/wp-json\/wp\/v2\/pages\/305","targetHints":{"allow":["GET"]}}],"collection":[{"href":"https:\/\/edmor.tktj.pl\/index.php\/wp-json\/wp\/v2\/pages"}],"about":[{"href":"https:\/\/edmor.tktj.pl\/index.php\/wp-json\/wp\/v2\/types\/page"}],"author":[{"embeddable":true,"href":"https:\/\/edmor.tktj.pl\/index.php\/wp-json\/wp\/v2\/users\/1"}],"replies":[{"embeddable":true,"href":"https:\/\/edmor.tktj.pl\/index.php\/wp-json\/wp\/v2\/comments?post=305"}],"version-history":[{"count":0,"href":"https:\/\/edmor.tktj.pl\/index.php\/wp-json\/wp\/v2\/pages\/305\/revisions"}],"wp:attachment":[{"href":"https:\/\/edmor.tktj.pl\/index.php\/wp-json\/wp\/v2\/media?parent=305"}],"curies":[{"name":"wp","href":"https:\/\/api.w.org\/{rel}","templated":true}]}}