{"id":328,"date":"2020-02-17T12:47:20","date_gmt":"2020-02-17T11:47:20","guid":{"rendered":"https:\/\/edmor.pl\/?page_id=328"},"modified":"2020-02-17T12:47:20","modified_gmt":"2020-02-17T11:47:20","slug":"drewniana-droga-na-olszynach-w-lubszy","status":"publish","type":"page","link":"https:\/\/edmor.tktj.pl\/index.php\/drewniana-droga-na-olszynach-w-lubszy\/","title":{"rendered":"Drewniana droga na Olszynach w Lubszy"},"content":{"rendered":"\n<p>Drewniana droga na Olszynach<\/p>\n\n\n\n<p>Lubsza, miejscowo\u015b\u0107 w gminie Wo\u017aniki, przy trasie z Bytomia (35km) i Gliwic (44 km) do Cz\u0119stochowy (27 km). W latach 1819 \u2013 1858 mieszka\u0142 i pracowa\u0142 w Lubszy J\u00f3zef Lompa.<\/p>\n\n\n\n<p><em>Jeszcze niedawno nad Potokiem Lubszeckim zwanym tak\u017ce Kanarem, maj\u0105cym swoje \u017ar\u00f3d\u0142a gdzie\u015b u podn\u00f3\u017ca Biadaczowej G\u00f3ry, ros\u0142y resztki olchowego lasu, od kt\u00f3rego to miejsce to Olszyn\u0105 jest nazywane. Dawno temu ros\u0142y tutaj wiekowe, dorodne olchy, b\u0119d\u0105ce ostoj\u0105 licznego ptactwa przez swoje trele umilaj\u0105cego prac\u0119 okolicznym rolnikom i kosiarzom na rozleg\u0142ych, przyleg\u0142ych \u0142\u0105kach i polach.&nbsp;<strong>Starzy ludzie powiadali, \u017ce przed laty, kiedy Napoleon ci\u0105gn\u0105\u0142 na Moskw\u0119, jego to wojska wyci\u0119\u0142y las, bo im si\u0119 ko\u0142a armatnie w bagnistym terenie zapada\u0142y i armaty w bagnie si\u0119 topi\u0142y.<\/strong>&nbsp;Wyci\u0119tym drewnem drog\u0119 moszczono tak, \u017ce nieomal such\u0105 nog\u0105 przeby\u0107 mo\u017cna by\u0142o bagnist\u0105 \u0142\u0105k\u0119. Jeszcze niedawno, gdy pog\u0142\u0119biano przydro\u017cne rowy melioracyjne, wydobywano z ziemi szcz\u0105tki starej \u201edrewnianej\u201d drogi.<\/em><\/p>\n\n\n\n<p>&nbsp;Bernard Szczech:&nbsp; W kr\u0119gu g\u00f3rno\u015bl\u0105skich poda\u0144 i legend.<\/p>\n\n\n\n<p><em>W dawnych czasach na ka\u017cdym ze strumieni w okolicy Lubszy zasobnym w wod\u0119, budowano liczne stawy i groble, w kt\u00f3rych hodowano r\u00f3\u017cne gatunki ryb. W jednym z licznych staw\u00f3w, przy drodze z Lubszy do Ligoty, kt\u00f3r\u0105 potocznie okre\u015blano Wyngrodziem, czyli \u017ce prowadzi we grodzie (do grodzi), zago\u015bci\u0142 utopiec zwany tak\u017ce&nbsp;wasermanem. Ten\u017ce utopiec wieczorna por\u0105 porywa\u0142 w to\u0144 nierozwa\u017cnych podr\u00f3\u017cnych, kt\u00f3rzy mu we \u015bnie przeszkadzali. Cudacznie ubrany, ni to \u017caba, ni to ludek, nap\u0119dzi\u0142 miejscowym rybakom strachu tak, \u017ce stawy zaniedbali, kt\u00f3re z biegiem czasy szuwarami zaros\u0142y a p\u00f3\u017aniej w bagno si\u0119 zamieni\u0142y. Po latach powsta\u0142e bagniste \u0142\u0105ki, kt\u00f3re lasem olchowym poros\u0142y, przez ludno\u015b\u0107 miejscow\u0105 Olszyn\u0105 zosta\u0142y nazwane.<\/em><\/p>\n\n\n\n<p>Bernard Szczech:\u00a0<em>Legendy Lubszy i okolic.\u00a0<\/em>Lubsza 1998 s. 64 \u2013 65.\u00a0<\/p>\n\n\n\nngg_shortcode_0_placeholder\n","protected":false},"excerpt":{"rendered":"<p>Drewniana droga na Olszynach Lubsza, miejscowo\u015b\u0107 w gminie Wo\u017aniki, przy trasie z Bytomia (35km) i Gliwic (44 km) do Cz\u0119stochowy (27 km). W latach 1819 \u2013 1858 mieszka\u0142 i pracowa\u0142 w Lubszy J\u00f3zef Lompa. Jeszcze niedawno nad Potokiem Lubszeckim zwanym tak\u017ce Kanarem, maj\u0105cym swoje \u017ar\u00f3d\u0142a gdzie\u015b u podn\u00f3\u017ca Biadaczowej G\u00f3ry, ros\u0142y resztki olchowego lasu, od [&hellip;]<\/p>\n","protected":false},"author":1,"featured_media":0,"parent":0,"menu_order":0,"comment_status":"closed","ping_status":"closed","template":"","meta":{"ngg_post_thumbnail":0,"footnotes":""},"class_list":["post-328","page","type-page","status-publish","hentry"],"_links":{"self":[{"href":"https:\/\/edmor.tktj.pl\/index.php\/wp-json\/wp\/v2\/pages\/328","targetHints":{"allow":["GET"]}}],"collection":[{"href":"https:\/\/edmor.tktj.pl\/index.php\/wp-json\/wp\/v2\/pages"}],"about":[{"href":"https:\/\/edmor.tktj.pl\/index.php\/wp-json\/wp\/v2\/types\/page"}],"author":[{"embeddable":true,"href":"https:\/\/edmor.tktj.pl\/index.php\/wp-json\/wp\/v2\/users\/1"}],"replies":[{"embeddable":true,"href":"https:\/\/edmor.tktj.pl\/index.php\/wp-json\/wp\/v2\/comments?post=328"}],"version-history":[{"count":0,"href":"https:\/\/edmor.tktj.pl\/index.php\/wp-json\/wp\/v2\/pages\/328\/revisions"}],"wp:attachment":[{"href":"https:\/\/edmor.tktj.pl\/index.php\/wp-json\/wp\/v2\/media?parent=328"}],"curies":[{"name":"wp","href":"https:\/\/api.w.org\/{rel}","templated":true}]}}