{"id":368,"date":"2020-02-17T12:58:20","date_gmt":"2020-02-17T11:58:20","guid":{"rendered":"https:\/\/edmor.pl\/?page_id=368"},"modified":"2020-02-17T12:58:20","modified_gmt":"2020-02-17T11:58:20","slug":"gora-biadacz-w-lubszy","status":"publish","type":"page","link":"https:\/\/edmor.tktj.pl\/index.php\/gora-biadacz-w-lubszy\/","title":{"rendered":"G\u00f3ra Biadacz w Lubszy"},"content":{"rendered":"\n<p><\/p>\n\n\n\n<p><strong>Drogos\u0142awowicze&nbsp; na G\u00f3rze Biadacz w Lubszy<\/strong>\n&nbsp;\n&nbsp; &nbsp;W zamierzch\u0142ych czasach Gniazd\u00f3w s\u0142yn\u0105\u0142 z tego, \u017ce by\u0142 zespo\u0142em stanic rozb\u00f3jniczych, siedzib\u0105 \u0142otrzyk\u00f3w, kt\u00f3rzy w czasach zawieruchy spo\u0142ecznej \u2013 po opuszczeniu Polski przez Boles\u0142awa \u015amia\u0142ego \u2013 obrali sobie tu siedlisko. St\u0105d te\u017c osada zosta\u0142a nazwana Gniazdowem. Kiedy dok\u0142adnie zosta\u0142a za\u0142o\u017cona, nikt dok\u0142adnie nie wie? Wszyscy jednak wskazuj\u0105 na Drogos\u0142awa herbu Zerwikaptur, \u017ce by\u0142 jej dziedzicem ju\u017c w 1106 roku. Ten to Drogos\u0142aw, po ucieczce Boles\u0142awa \u015amia\u0142ego na W\u0119gry, zebra\u0142 wa\u0142\u0119saj\u0105cych si\u0119 po okolicy rycerzy i stworzy\u0142 we swoich gniazdowskich w\u0142o\u015bciach silny oddzia\u0142, pocz\u0105tkowo o charakterze obronnym, kt\u00f3ry z biegiem czasu, z powodu sprzyjaj\u0105cych okoliczno\u015bci, zacz\u0105\u0142 uprawia\u0107 bandyckie rzemios\u0142o, wyprawiaj\u0105c si\u0119 na okoliczne w\u0142o\u015bci. Po \u015bmierci Drogos\u0142awa, rzemios\u0142o rozb\u00f3jnicze przej\u0119li jego zst\u0119pni: synowie i wnuki, kt\u00f3rzy grasowali nie tylko po najbli\u017cszej okolicy.\nProceder ten trwa\u0142 do 1170 roku, kiedy to Kazimierz Sprawiedliwy, ksi\u0105\u017c\u0119 krakowski, przep\u0119dzi\u0142 Drogos\u0142awowicz\u00f3w z Gniazdowa i zburzy\u0142 ich fortece na G\u00f3rze Banaszkowej, G\u00f3rze Brzozowej (obecnie Florianek, 354 m n.p.m.) w Wo\u017anikach, G\u00f3rze Biadacz oraz na Sobolej G\u00f3rze.\nPokonani Drogos\u0142awowicze uszli na \u015bl\u0105sk\u0105 stron\u0119 i zaj\u0119li opuszczone wtedy grodzisko pod Lubsz\u0105 na G\u00f3rze Grojec (365 m n.p.m.). Nie min\u0119\u0142o troch\u0119 czasu, gdy i tutaj ich odnaleziono a wojska Kazimierza Sprawiedliwego zdoby\u0142y grodzisko i zburzy\u0142y je tak, \u017ce do dzi\u015b pozosta\u0142 na Grojcu tylko \u015blad w postaci g\u0142\u0119bokiej jamy.\n&nbsp;\n\u0179r\u00f3d\u0142o: Bernard Szczech &#8211; W kr\u0119gu g\u00f3rno\u015bl\u0105skich poda\u0144 i legend.\n\n<\/p>\n\n\n\n<p class=\"has-text-align-center\">[ultimate_maps id=&#8221;9&#8243;]<\/p>\n\n\n\nngg_shortcode_0_placeholder\n","protected":false},"excerpt":{"rendered":"<p>Drogos\u0142awowicze&nbsp; na G\u00f3rze Biadacz w Lubszy &nbsp; &nbsp; &nbsp;W zamierzch\u0142ych czasach Gniazd\u00f3w s\u0142yn\u0105\u0142 z tego, \u017ce by\u0142 zespo\u0142em stanic rozb\u00f3jniczych, siedzib\u0105 \u0142otrzyk\u00f3w, kt\u00f3rzy w czasach zawieruchy spo\u0142ecznej \u2013 po opuszczeniu Polski przez Boles\u0142awa \u015amia\u0142ego \u2013 obrali sobie tu siedlisko. St\u0105d te\u017c osada zosta\u0142a nazwana Gniazdowem. Kiedy dok\u0142adnie zosta\u0142a za\u0142o\u017cona, nikt dok\u0142adnie nie wie? Wszyscy jednak [&hellip;]<\/p>\n","protected":false},"author":1,"featured_media":0,"parent":0,"menu_order":0,"comment_status":"closed","ping_status":"closed","template":"","meta":{"ngg_post_thumbnail":0,"footnotes":""},"class_list":["post-368","page","type-page","status-publish","hentry"],"_links":{"self":[{"href":"https:\/\/edmor.tktj.pl\/index.php\/wp-json\/wp\/v2\/pages\/368","targetHints":{"allow":["GET"]}}],"collection":[{"href":"https:\/\/edmor.tktj.pl\/index.php\/wp-json\/wp\/v2\/pages"}],"about":[{"href":"https:\/\/edmor.tktj.pl\/index.php\/wp-json\/wp\/v2\/types\/page"}],"author":[{"embeddable":true,"href":"https:\/\/edmor.tktj.pl\/index.php\/wp-json\/wp\/v2\/users\/1"}],"replies":[{"embeddable":true,"href":"https:\/\/edmor.tktj.pl\/index.php\/wp-json\/wp\/v2\/comments?post=368"}],"version-history":[{"count":0,"href":"https:\/\/edmor.tktj.pl\/index.php\/wp-json\/wp\/v2\/pages\/368\/revisions"}],"wp:attachment":[{"href":"https:\/\/edmor.tktj.pl\/index.php\/wp-json\/wp\/v2\/media?parent=368"}],"curies":[{"name":"wp","href":"https:\/\/api.w.org\/{rel}","templated":true}]}}