{"id":6187,"date":"2020-02-17T22:55:17","date_gmt":"2020-02-17T21:55:17","guid":{"rendered":"https:\/\/edmor.pl\/?page_id=6187"},"modified":"2020-02-17T22:55:17","modified_gmt":"2020-02-17T21:55:17","slug":"kosciol-p-w-sw-jakuba-apostola-starszego-w-lubszy","status":"publish","type":"page","link":"https:\/\/edmor.tktj.pl\/index.php\/kosciol-p-w-sw-jakuba-apostola-starszego-w-lubszy\/","title":{"rendered":"Ko\u015bci\u00f3\u0142 p.w. \u015bw. Jakuba Aposto\u0142a Starszego w Lubszy"},"content":{"rendered":"<p><!--StartFragment--><\/p>\n\n\n<p><br>Lubsza posiada stary murowany ko\u015bci\u00f3\u0142ek&nbsp;pod wezwaniem \u015bw. Jakuba Starszego, do kt\u00f3rego po wyburzeniu zbudowanej w 1829 roku kaplicy \u015bw. Antoniego, w 1930 roku, dobudowano nowy neogotycki ko\u015bci\u00f3\u0142 o neobarokowym wystroju wn\u0119trza. Kiedy zbudowano pierwszy ko\u015bci\u00f3\u0142&nbsp;w Lubszy \u017ar\u00f3d\u0142a milcz\u0105. W tradycji ludowej, z pokolenia na pokolenie, przekazywano legendarne informacje o tym, \u017ce pierwotnie lubszecka \u015bwi\u0105tynia mia\u0142a by\u0107 wybudowana tam, gdzie dzi\u015b na \u015al\u0119zkowym kapliczka \u015bw. Krzy\u017ca si\u0119 znajduje, lub \u017ce pierwotny ko\u015bci\u00f3\u0142 zamierzano postawi\u0107 na Lubszeckiej G\u00f3rze, tam gdzie wed\u0142ug legendy mia\u0142 na gruzach poga\u0144skiej \u015bwi\u0105tyni naucza\u0107 \u015bw. Wojciech. Inne podanie g\u0142osi, \u017ce zwo\u017cone kilkakrotnie drewno, noc\u0105 sturla\u0142o si\u0119 w miejsce gdzie dzi\u015b murowany ko\u015bci\u00f3\u0142 si\u0119 znajduje. Tam te\u017c Lubszanie widz\u0105c w tym akcie wol\u0119 Bo\u017c\u0105, drewniany ko\u015bci\u00f3\u0142ek postawili. Najstarsz\u0105 wzmiank\u0105 o istnieniu lubszeckiej \u015bwi\u0105tyni, jest zapis poboru \u015bwi\u0119topietrza z 1374 roku, kiedy to zanotowano, \u017ce Lubsza zap\u0142aci\u0142a 3 grosze.<br>Murowany ko\u015bci\u00f3\u0142 \u015bw. Jakuba Starszego wzniesiony zosta\u0142 w drugiej po\u0142owie XIV wieku lub na prze\u0142omie wiek\u00f3w XIV i XV, na miejscu drewnianego. Co by\u0142o powodem jego zniszczenia, nie wiadomo. Legendy wspominaj\u0105 najazd Tatar\u00f3w, przyby\u0142ych handlowym szlakiem krakowsko &#8211; wroc\u0142awskim, i zniszczeniu Lubszy. Wspominaj\u0105 tak\u017ce o po\u017carze ko\u015bci\u00f3\u0142ka, kt\u00f3ry m\u00f3g\u0142 mie\u0107 miejsce p\u00f3\u017aniej, w trakcie wojny pomi\u0119dzy&nbsp;W\u0142adys\u0142awem Jagie\u0142\u0142\u0105, kr\u00f3lem polskim, a W\u0142adys\u0142awem&nbsp;Opolczykiem, ksi\u0119ciem opolskim, w latach 1391 &#8211; 1396&nbsp;lub te\u017c po 1425 roku, w czasie wojen husyckich na&nbsp;G\u00f3rnym \u015al\u0105sku, szczeg\u00f3lnie podczas wyprawy na ziemie&nbsp;\u015bl\u0105skie Krystyna z Kozieg\u0142\u00f3w, kt\u00f3r\u0105 przeprowadzi\u0142 w&nbsp;odwecie za akcje burgrabiego Miko\u0142aja Siestrze\u0144ca w&nbsp;1434 roku.&nbsp;Je\u017celi wzniesiony zosta\u0142 dopiero w pocz\u0105tkach XV wieku,&nbsp;to fundatorami murowanego ko\u015bcio\u0142a byli&nbsp;prawdopodobnie Piotr z Lubszy, kanclerz Bernarda,&nbsp;ksi\u0119cia opolskiego i strzeleckiego, oraz jego brat, Miko\u0142aj&nbsp;z Lubszy, kanonik opolski.&nbsp;Murowany ko\u015bci\u00f3\u0142 wzniesiono z kamienia pochodz\u0105cego&nbsp;z g\u0142az\u00f3w narzutowych pozostawionych na lubszeckich&nbsp;polach przez wycofuj\u0105cy si\u0119 lodowiec. Ca\u0142o\u015b\u0107 z&nbsp;wyj\u0105tkiem wie\u017cy zosta\u0142a otynkowana. Ko\u015bci\u00f3\u0142 jest&nbsp;orientowany. Zbudowany zosta\u0142 w stylu gotyckim z&nbsp;cechami renesansowymi, wprowadzonymi w p\u00f3\u017aniejszym&nbsp;czasie. Pierwotnie ca\u0142o\u015b\u0107 dach\u00f3w ko\u015bcio\u0142a, wie\u017cy,&nbsp;zakrystii i babi\u0144ca pobita by\u0142a gontami (s\u0119dzio\u0142ami).<\/p>\n\n\n\n<p>&nbsp;\u0179r\u00f3d\u0142o: Historia Lubszy &#8211; teksty wybrane, Autor: Bernard Szczech <\/p>\n\n\n\nngg_shortcode_0_placeholder\n\n\n<p><!--EndFragment--><\/p>","protected":false},"excerpt":{"rendered":"<p>Lubsza posiada stary murowany ko\u015bci\u00f3\u0142ek&nbsp;pod wezwaniem \u015bw. Jakuba Starszego, do kt\u00f3rego po wyburzeniu zbudowanej w 1829 roku kaplicy \u015bw. Antoniego, w 1930 roku, dobudowano nowy neogotycki ko\u015bci\u00f3\u0142 o neobarokowym wystroju wn\u0119trza. Kiedy zbudowano pierwszy ko\u015bci\u00f3\u0142&nbsp;w Lubszy \u017ar\u00f3d\u0142a milcz\u0105. W tradycji ludowej, z pokolenia na pokolenie, przekazywano legendarne informacje o tym, \u017ce pierwotnie lubszecka \u015bwi\u0105tynia mia\u0142a [&hellip;]<\/p>\n","protected":false},"author":1,"featured_media":0,"parent":0,"menu_order":0,"comment_status":"closed","ping_status":"closed","template":"","meta":{"ngg_post_thumbnail":0,"footnotes":""},"class_list":["post-6187","page","type-page","status-publish","hentry"],"_links":{"self":[{"href":"https:\/\/edmor.tktj.pl\/index.php\/wp-json\/wp\/v2\/pages\/6187","targetHints":{"allow":["GET"]}}],"collection":[{"href":"https:\/\/edmor.tktj.pl\/index.php\/wp-json\/wp\/v2\/pages"}],"about":[{"href":"https:\/\/edmor.tktj.pl\/index.php\/wp-json\/wp\/v2\/types\/page"}],"author":[{"embeddable":true,"href":"https:\/\/edmor.tktj.pl\/index.php\/wp-json\/wp\/v2\/users\/1"}],"replies":[{"embeddable":true,"href":"https:\/\/edmor.tktj.pl\/index.php\/wp-json\/wp\/v2\/comments?post=6187"}],"version-history":[{"count":0,"href":"https:\/\/edmor.tktj.pl\/index.php\/wp-json\/wp\/v2\/pages\/6187\/revisions"}],"wp:attachment":[{"href":"https:\/\/edmor.tktj.pl\/index.php\/wp-json\/wp\/v2\/media?parent=6187"}],"curies":[{"name":"wp","href":"https:\/\/api.w.org\/{rel}","templated":true}]}}