{"id":6294,"date":"2020-02-18T16:43:05","date_gmt":"2020-02-18T15:43:05","guid":{"rendered":"https:\/\/edmor.pl\/?page_id=6294"},"modified":"2020-02-18T16:43:05","modified_gmt":"2020-02-18T15:43:05","slug":"coglowa-gora-w-woznikach","status":"publish","type":"page","link":"https:\/\/edmor.tktj.pl\/index.php\/coglowa-gora-w-woznikach\/","title":{"rendered":"Coglowa G\u00f3ra w Wo\u017anikach 2"},"content":{"rendered":"\n<p>    Zapraszam do odwiedzenia punktu widokowego w Wo\u017anikach znajduj\u0105cego si\u0119 na&nbsp;<strong>Coglowej G\u00f3rze<\/strong>&nbsp;le\u017c\u0105cej na tzw. Garbie Wo\u017anickim, kt\u00f3ra jest najwy\u017cszym wzniesieniem w granicach miasta (365 m n.p.m.)&nbsp;<a rel=\"noreferrer noopener\" href=\"http:\/\/www.2007.przyroda.katowice.pl\/prog_woznicki.html\" target=\"_blank\">Garb Wo\u017anicki<\/a><\/p>\n\n\n\n<p>    Galeria widokowa znajduje si\u0119 na wysoko\u015bci 36 m, na kt\u00f3r\u0105 prowadz\u0105 124 schody spiralnie u\u0142o\u017cone wewn\u0105trz wie\u017cy. <\/p>\n\n\n\n<p>    Rozpo\u015bcieraj\u0105 si\u0119 st\u0105d doskona\u0142e widoki, wida\u0107 st\u0105d ko\u015bcio\u0142y w Wo\u017anikach, Lubszy, Cynkowie, Kozieg\u0142\u00f3wkach, \u017byglinku; zak\u0142ady przemys\u0142owe jak: Huta Cynku w Miasteczku, Huta Katowice, elektrownia \u0141agisza.&nbsp;Mo\u017cemy te\u017c obserwowa\u0107 w r\u00f3\u017cnych porach roku mozaiki p\u00f3l, wschody i zachody S\u0142o\u0144ca, a tak\u017ce prowadzi\u0107 obserwacje astronomiczne. Z wie\u017cy u\u017cywaj\u0105c lornetki mo\u017cna dostrzec wi\u0119cej np. klasztor na Jasnej G\u00f3rze, Sokole G\u00f3ry.<\/p>\n\n\n\n<p>    Garb Wo\u017anicki jest wyra\u017anie rzucaj\u0105cym si\u0119 w oczy elementem krajobrazu. Stanowi go pas wzniesie\u0144 zbudowany z odpornych warstw&nbsp;g\u00f3rno-triasowych,&nbsp;a mianowicie z piaskowc\u00f3w i wapieni kajprowych. Przebiega od okolic Zawiercia przez Wo\u017aniki, Lubliniec, Olesno, zanikaj\u0105c stopniowo w okolicy Kluczborka.&nbsp;Na Coglowej, (tak si\u0119 tu potocznie m\u00f3wi) znajduje si\u0119 kaplica G\u00f3ry Oliwnej i ka\u017cdego roku w dniu \u015bw. Marka (25 kwietnia) odbywa si\u0119 do niej uroczysta procesja.<\/p>\n\n\n\n<p>&nbsp; &nbsp;W zimie na pobliskiej \u0142\u0105ce mo\u017cna zje\u017cd\u017ca\u0107 na nartach i sankach, z czego cz\u0119sto korzystaj\u0105 mieszka\u0144cy.<\/p>\n\n\n\n<p class=\"has-text-align-center\">&nbsp; &nbsp;<a href=\"http:\/\/digitalizacja.republika.pl\/pocztowki_pliki\/image006.jpg\" target=\"_blank\" rel=\"noreferrer noopener\">Coglowa na starej widok\u00f3wce<\/a><\/p>\n\n\n\n<p class=\"has-text-align-center\">[ultimate_maps id=&#8221;7&#8243;]<\/p>\n\n\n\nngg_shortcode_0_placeholder\n","protected":false},"excerpt":{"rendered":"<p>Zapraszam do odwiedzenia punktu widokowego w Wo\u017anikach znajduj\u0105cego si\u0119 na&nbsp;Coglowej G\u00f3rze&nbsp;le\u017c\u0105cej na tzw. Garbie Wo\u017anickim, kt\u00f3ra jest najwy\u017cszym wzniesieniem w granicach miasta (365 m n.p.m.)&nbsp;Garb Wo\u017anicki Galeria widokowa znajduje si\u0119 na wysoko\u015bci 36 m, na kt\u00f3r\u0105 prowadz\u0105 124 schody spiralnie u\u0142o\u017cone wewn\u0105trz wie\u017cy. Rozpo\u015bcieraj\u0105 si\u0119 st\u0105d doskona\u0142e widoki, wida\u0107 st\u0105d ko\u015bcio\u0142y w Wo\u017anikach, Lubszy, Cynkowie, [&hellip;]<\/p>\n","protected":false},"author":1,"featured_media":0,"parent":0,"menu_order":0,"comment_status":"closed","ping_status":"closed","template":"","meta":{"ngg_post_thumbnail":0,"footnotes":""},"class_list":["post-6294","page","type-page","status-publish","hentry"],"_links":{"self":[{"href":"https:\/\/edmor.tktj.pl\/index.php\/wp-json\/wp\/v2\/pages\/6294","targetHints":{"allow":["GET"]}}],"collection":[{"href":"https:\/\/edmor.tktj.pl\/index.php\/wp-json\/wp\/v2\/pages"}],"about":[{"href":"https:\/\/edmor.tktj.pl\/index.php\/wp-json\/wp\/v2\/types\/page"}],"author":[{"embeddable":true,"href":"https:\/\/edmor.tktj.pl\/index.php\/wp-json\/wp\/v2\/users\/1"}],"replies":[{"embeddable":true,"href":"https:\/\/edmor.tktj.pl\/index.php\/wp-json\/wp\/v2\/comments?post=6294"}],"version-history":[{"count":0,"href":"https:\/\/edmor.tktj.pl\/index.php\/wp-json\/wp\/v2\/pages\/6294\/revisions"}],"wp:attachment":[{"href":"https:\/\/edmor.tktj.pl\/index.php\/wp-json\/wp\/v2\/media?parent=6294"}],"curies":[{"name":"wp","href":"https:\/\/api.w.org\/{rel}","templated":true}]}}