{"id":6605,"date":"2020-02-20T11:11:48","date_gmt":"2020-02-20T10:11:48","guid":{"rendered":"https:\/\/edmor.pl\/debian\/"},"modified":"2020-02-20T11:11:48","modified_gmt":"2020-02-20T10:11:48","slug":"debian","status":"publish","type":"page","link":"https:\/\/edmor.tktj.pl\/index.php\/debian\/","title":{"rendered":"Debian"},"content":{"rendered":"<p style=\"text-align: center;\">ngg_shortcode_0_placeholder<\/p>\n\n\n<p class=\"has-text-align-center\"><a href=\"https:\/\/www.debian.org\/index.pl.html\" target=\"_blank\" rel=\"noreferrer noopener\">Debian<\/a><\/p>\n\n\n\n<p>Debian to&nbsp;wolny&nbsp;system operacyjny (OS). System operacyjny to zestaw podstawowych program\u00f3w i narz\u0119dzi, kt\u00f3re umo\u017cliwiaj\u0105 komputerowi dzia\u0142anie.<\/p>\n","protected":false},"excerpt":{"rendered":"<p>Debian Debian to&nbsp;wolny&nbsp;system operacyjny (OS). System operacyjny to zestaw podstawowych program\u00f3w i narz\u0119dzi, kt\u00f3re umo\u017cliwiaj\u0105 komputerowi dzia\u0142anie.<\/p>\n","protected":false},"author":1,"featured_media":0,"parent":0,"menu_order":0,"comment_status":"closed","ping_status":"closed","template":"","meta":{"ngg_post_thumbnail":0,"footnotes":""},"class_list":["post-6605","page","type-page","status-publish","hentry"],"_links":{"self":[{"href":"https:\/\/edmor.tktj.pl\/index.php\/wp-json\/wp\/v2\/pages\/6605","targetHints":{"allow":["GET"]}}],"collection":[{"href":"https:\/\/edmor.tktj.pl\/index.php\/wp-json\/wp\/v2\/pages"}],"about":[{"href":"https:\/\/edmor.tktj.pl\/index.php\/wp-json\/wp\/v2\/types\/page"}],"author":[{"embeddable":true,"href":"https:\/\/edmor.tktj.pl\/index.php\/wp-json\/wp\/v2\/users\/1"}],"replies":[{"embeddable":true,"href":"https:\/\/edmor.tktj.pl\/index.php\/wp-json\/wp\/v2\/comments?post=6605"}],"version-history":[{"count":0,"href":"https:\/\/edmor.tktj.pl\/index.php\/wp-json\/wp\/v2\/pages\/6605\/revisions"}],"wp:attachment":[{"href":"https:\/\/edmor.tktj.pl\/index.php\/wp-json\/wp\/v2\/media?parent=6605"}],"curies":[{"name":"wp","href":"https:\/\/api.w.org\/{rel}","templated":true}]}}