{"id":6607,"date":"2020-02-20T11:12:00","date_gmt":"2020-02-20T10:12:00","guid":{"rendered":"https:\/\/edmor.pl\/hyper-v\/"},"modified":"2020-02-20T11:12:00","modified_gmt":"2020-02-20T10:12:00","slug":"hyper-v","status":"publish","type":"page","link":"https:\/\/edmor.tktj.pl\/index.php\/hyper-v\/","title":{"rendered":"Hyper- V"},"content":{"rendered":"ngg_shortcode_0_placeholder\n\n\n<p> Hyper-V to oprogramowanie s\u0142u\u017c\u0105ce do tworzenia fizycznych maszyn wirtualnych w \u015brodowisku systemu Windows.\u00a0 <\/p>\n","protected":false},"excerpt":{"rendered":"<p>Hyper-V to oprogramowanie s\u0142u\u017c\u0105ce do tworzenia fizycznych maszyn wirtualnych w \u015brodowisku systemu Windows.\u00a0<\/p>\n","protected":false},"author":1,"featured_media":0,"parent":0,"menu_order":0,"comment_status":"closed","ping_status":"closed","template":"","meta":{"ngg_post_thumbnail":0,"footnotes":""},"class_list":["post-6607","page","type-page","status-publish","hentry"],"_links":{"self":[{"href":"https:\/\/edmor.tktj.pl\/index.php\/wp-json\/wp\/v2\/pages\/6607","targetHints":{"allow":["GET"]}}],"collection":[{"href":"https:\/\/edmor.tktj.pl\/index.php\/wp-json\/wp\/v2\/pages"}],"about":[{"href":"https:\/\/edmor.tktj.pl\/index.php\/wp-json\/wp\/v2\/types\/page"}],"author":[{"embeddable":true,"href":"https:\/\/edmor.tktj.pl\/index.php\/wp-json\/wp\/v2\/users\/1"}],"replies":[{"embeddable":true,"href":"https:\/\/edmor.tktj.pl\/index.php\/wp-json\/wp\/v2\/comments?post=6607"}],"version-history":[{"count":0,"href":"https:\/\/edmor.tktj.pl\/index.php\/wp-json\/wp\/v2\/pages\/6607\/revisions"}],"wp:attachment":[{"href":"https:\/\/edmor.tktj.pl\/index.php\/wp-json\/wp\/v2\/media?parent=6607"}],"curies":[{"name":"wp","href":"https:\/\/api.w.org\/{rel}","templated":true}]}}