{"id":6610,"date":"2020-02-20T11:12:14","date_gmt":"2020-02-20T10:12:14","guid":{"rendered":"https:\/\/edmor.pl\/open-suse\/"},"modified":"2020-02-20T11:12:14","modified_gmt":"2020-02-20T10:12:14","slug":"open-suse","status":"publish","type":"page","link":"https:\/\/edmor.tktj.pl\/index.php\/open-suse\/","title":{"rendered":"Open Suse"},"content":{"rendered":"\n<p><strong>SUSE Linux<\/strong> to\u00a0dystrybucja Linuksa, stworzona z my\u015bl\u0105 o u\u017cytkownikach korzystaj\u0105cych na co dzie\u0144 z interfejsu graficznego i przeznaczona zar\u00f3wno dla u\u017cytkownik\u00f3w domowych (openSUSE), jak i do zastosowa\u0144 komercyjnych (SUSE Linux Enterprise). <\/p>\n\n\n\n<p class=\"has-text-align-center\"><a href=\"https:\/\/www.opensuse.org\/\">https:\/\/www.opensuse.org\/<\/a><\/p>\n\n\nngg_shortcode_0_placeholder","protected":false},"excerpt":{"rendered":"<p>SUSE Linux to\u00a0dystrybucja Linuksa, stworzona z my\u015bl\u0105 o u\u017cytkownikach korzystaj\u0105cych na co dzie\u0144 z interfejsu graficznego i przeznaczona zar\u00f3wno dla u\u017cytkownik\u00f3w domowych (openSUSE), jak i do zastosowa\u0144 komercyjnych (SUSE Linux Enterprise). https:\/\/www.opensuse.org\/<\/p>\n","protected":false},"author":1,"featured_media":0,"parent":0,"menu_order":0,"comment_status":"closed","ping_status":"closed","template":"","meta":{"ngg_post_thumbnail":0,"footnotes":""},"class_list":["post-6610","page","type-page","status-publish","hentry"],"_links":{"self":[{"href":"https:\/\/edmor.tktj.pl\/index.php\/wp-json\/wp\/v2\/pages\/6610","targetHints":{"allow":["GET"]}}],"collection":[{"href":"https:\/\/edmor.tktj.pl\/index.php\/wp-json\/wp\/v2\/pages"}],"about":[{"href":"https:\/\/edmor.tktj.pl\/index.php\/wp-json\/wp\/v2\/types\/page"}],"author":[{"embeddable":true,"href":"https:\/\/edmor.tktj.pl\/index.php\/wp-json\/wp\/v2\/users\/1"}],"replies":[{"embeddable":true,"href":"https:\/\/edmor.tktj.pl\/index.php\/wp-json\/wp\/v2\/comments?post=6610"}],"version-history":[{"count":0,"href":"https:\/\/edmor.tktj.pl\/index.php\/wp-json\/wp\/v2\/pages\/6610\/revisions"}],"wp:attachment":[{"href":"https:\/\/edmor.tktj.pl\/index.php\/wp-json\/wp\/v2\/media?parent=6610"}],"curies":[{"name":"wp","href":"https:\/\/api.w.org\/{rel}","templated":true}]}}