{"id":6611,"date":"2020-02-20T11:12:19","date_gmt":"2020-02-20T10:12:19","guid":{"rendered":"https:\/\/edmor.pl\/open-suse-partycje\/"},"modified":"2020-02-20T11:12:19","modified_gmt":"2020-02-20T10:12:19","slug":"open-suse-partycje","status":"publish","type":"page","link":"https:\/\/edmor.tktj.pl\/index.php\/open-suse-partycje\/","title":{"rendered":"Open Suse Partycje"},"content":{"rendered":"\n<p>Partycje systemu Ubuntu Linux  dziel\u0105 si\u0119 na\u00a0<strong>podstawowe<\/strong>\u00a0i\u00a0<strong>logiczne<\/strong>. U\u017cytkownik  mo\u017ce wybra\u0107 4 partycje podstawowe lub kombinacj\u0119 partycji podstawowej i logicznych.<\/p>\n\n\n\n<p><strong>Partycje danych<\/strong><\/p>\n\n\n\n<p>Jest to np. partycja rozruchowa, w kt\u00f3rej znajduj\u0105 si\u0119 katalogi i pliki albo\u00a0normalne dane systemu Linux. S\u0105 to pliki, kt\u00f3re s\u0142u\u017c\u0105 do uruchamiania systemu i umo\u017cliwiaj\u0105 jego dzia\u0142anie.<\/p>\n\n\n\n<p><strong>Partycje wymiany<\/strong><\/p>\n\n\n\n<p>S\u0105 to partycje rozszerzaj\u0105ce pami\u0119\u0107 fizyczn\u0105 komputera poprzez u\u017cycie partycji jako pami\u0119ci podr\u0119cznej.<\/p>\n\n\n\n<p><a href=\"http:\/\/ecg.vot.pl\/partycjonowanie\">Wi\u0119cej<\/a><\/p>\n\n\nngg_shortcode_0_placeholder\n\n\n<p><\/p>\n","protected":false},"excerpt":{"rendered":"<p>Partycje systemu Ubuntu Linux dziel\u0105 si\u0119 na\u00a0podstawowe\u00a0i\u00a0logiczne. U\u017cytkownik mo\u017ce wybra\u0107 4 partycje podstawowe lub kombinacj\u0119 partycji podstawowej i logicznych. Partycje danych Jest to np. partycja rozruchowa, w kt\u00f3rej znajduj\u0105 si\u0119 katalogi i pliki albo\u00a0normalne dane systemu Linux. S\u0105 to pliki, kt\u00f3re s\u0142u\u017c\u0105 do uruchamiania systemu i umo\u017cliwiaj\u0105 jego dzia\u0142anie. Partycje wymiany S\u0105 to partycje rozszerzaj\u0105ce [&hellip;]<\/p>\n","protected":false},"author":1,"featured_media":0,"parent":0,"menu_order":0,"comment_status":"closed","ping_status":"closed","template":"","meta":{"ngg_post_thumbnail":0,"footnotes":""},"class_list":["post-6611","page","type-page","status-publish","hentry"],"_links":{"self":[{"href":"https:\/\/edmor.tktj.pl\/index.php\/wp-json\/wp\/v2\/pages\/6611","targetHints":{"allow":["GET"]}}],"collection":[{"href":"https:\/\/edmor.tktj.pl\/index.php\/wp-json\/wp\/v2\/pages"}],"about":[{"href":"https:\/\/edmor.tktj.pl\/index.php\/wp-json\/wp\/v2\/types\/page"}],"author":[{"embeddable":true,"href":"https:\/\/edmor.tktj.pl\/index.php\/wp-json\/wp\/v2\/users\/1"}],"replies":[{"embeddable":true,"href":"https:\/\/edmor.tktj.pl\/index.php\/wp-json\/wp\/v2\/comments?post=6611"}],"version-history":[{"count":0,"href":"https:\/\/edmor.tktj.pl\/index.php\/wp-json\/wp\/v2\/pages\/6611\/revisions"}],"wp:attachment":[{"href":"https:\/\/edmor.tktj.pl\/index.php\/wp-json\/wp\/v2\/media?parent=6611"}],"curies":[{"name":"wp","href":"https:\/\/api.w.org\/{rel}","templated":true}]}}