{"id":6721,"date":"2020-02-20T13:23:05","date_gmt":"2020-02-20T12:23:05","guid":{"rendered":"https:\/\/edmor.pl\/puppy-linux\/"},"modified":"2020-02-20T13:23:05","modified_gmt":"2020-02-20T12:23:05","slug":"puppy-linux","status":"publish","type":"page","link":"https:\/\/edmor.tktj.pl\/index.php\/puppy-linux\/","title":{"rendered":"Puppy Linux"},"content":{"rendered":"\n<p><\/p>\n\n\n\n<p><strong>Puppy Linux<\/strong>&nbsp;to wydajna minidystrybucja typu LiveCD napisana od podstaw przez Barry\u2019ego Kaulera. System ten mo\u017cna uruchomi\u0107 z takich no\u015bnik\u00f3w jak p\u0142yty CD, karty flash czy no\u015bnika pami\u0119ci USB bez konieczno\u015bci instalacji.<\/p>\n\n\nngg_shortcode_0_placeholder\n\n\n<p class=\"has-text-align-center\"> <a rel=\"noreferrer noopener\" href=\"http:\/\/puppylinux.com\/\" target=\"_blank\">Puppy Linux<\/a> <\/p>\n","protected":false},"excerpt":{"rendered":"<p>Puppy Linux&nbsp;to wydajna minidystrybucja typu LiveCD napisana od podstaw przez Barry\u2019ego Kaulera. System ten mo\u017cna uruchomi\u0107 z takich no\u015bnik\u00f3w jak p\u0142yty CD, karty flash czy no\u015bnika pami\u0119ci USB bez konieczno\u015bci instalacji. Puppy Linux<\/p>\n","protected":false},"author":1,"featured_media":0,"parent":0,"menu_order":0,"comment_status":"closed","ping_status":"closed","template":"","meta":{"ngg_post_thumbnail":0,"footnotes":""},"class_list":["post-6721","page","type-page","status-publish","hentry"],"_links":{"self":[{"href":"https:\/\/edmor.tktj.pl\/index.php\/wp-json\/wp\/v2\/pages\/6721","targetHints":{"allow":["GET"]}}],"collection":[{"href":"https:\/\/edmor.tktj.pl\/index.php\/wp-json\/wp\/v2\/pages"}],"about":[{"href":"https:\/\/edmor.tktj.pl\/index.php\/wp-json\/wp\/v2\/types\/page"}],"author":[{"embeddable":true,"href":"https:\/\/edmor.tktj.pl\/index.php\/wp-json\/wp\/v2\/users\/1"}],"replies":[{"embeddable":true,"href":"https:\/\/edmor.tktj.pl\/index.php\/wp-json\/wp\/v2\/comments?post=6721"}],"version-history":[{"count":0,"href":"https:\/\/edmor.tktj.pl\/index.php\/wp-json\/wp\/v2\/pages\/6721\/revisions"}],"wp:attachment":[{"href":"https:\/\/edmor.tktj.pl\/index.php\/wp-json\/wp\/v2\/media?parent=6721"}],"curies":[{"name":"wp","href":"https:\/\/api.w.org\/{rel}","templated":true}]}}