{"id":6750,"date":"2020-02-21T11:05:19","date_gmt":"2020-02-21T10:05:19","guid":{"rendered":"https:\/\/edmor.pl\/?page_id=6750"},"modified":"2020-02-21T11:05:19","modified_gmt":"2020-02-21T10:05:19","slug":"prognozy-pogody","status":"publish","type":"page","link":"https:\/\/edmor.tktj.pl\/index.php\/prognozy-pogody\/","title":{"rendered":"Prognozy pogody"},"content":{"rendered":"<h1 style=\"text-align: left;\"><a style=\"text-align: center; font-family: arial, helvetica, verdana, sans-serif; font-size: 14px; line-height: 19px;\" title=\"www.weatheronline.pl\" href=\"http:\/\/www.weatheronline.pl\/pogoda\/satelita\/Europa\/Europa\/widzialne\/premium.htm\" target=\"_blank\" rel=\"noopener noreferrer\">P\u0119tla animacji zdj\u0119\u0107 satelitarnych 6 godziny: Europa<\/a><\/h1>\n<p>http:\/\/www.weatheronline.pl\/pogoda\/satelita\/Europa\/Europa\/widzialne\/premium.htm<\/p>\n<div style=\"text-align: center;\">\n<p>&nbsp;<\/p>\n<h6 class=\"dest\" style=\"color: #000000;\"><strong><a title=\"Awiacja - Mapa radarowa\" href=\"http:\/\/awiacja.imgw.pl\/index.php?product=burzrad\" target=\"_blank\" rel=\"noopener noreferrer\">Mapy radarowe &#8211; awiacja<\/a><\/strong><\/h6>\n<h6 style=\"color: #000000;\"><strong><a title=\"www.radareu.cz\" href=\"http:\/\/www.radareu.cz\/?lng=pl\" target=\"_blank\" rel=\"noopener noreferrer\">radareu.cz<\/a><\/strong><\/h6>\n<p class=\"dest\" style=\"text-align: center;\"><strong><span style=\"line-height: 19px; color: #0000ff;\">Norwegian Meteorological Institute:<\/span><\/strong><\/p>\n<p class=\"dest\" style=\"text-align: start;\"><span style=\"line-height: 19px;\"><a title=\"NMI Europa\" href=\"http:\/\/www.yr.no\/satellitt\/europa.html\" target=\"_blank\" rel=\"noopener noreferrer\">http:\/\/www.yr.no\/satellitt\/europa.html<\/a><\/span><\/p>\n<p class=\"dest\" style=\"text-align: start;\"><span style=\"line-height: 19px;\"><a title=\"NMI - animacja\" href=\"http:\/\/www.yr.no\/satellitt\/europa_animasjon.html\" target=\"_blank\" rel=\"noopener noreferrer\">http:\/\/www.yr.no\/satellitt\/europa_animasjon.html<\/a><\/span><\/p>\n<\/div>\n<p>=========================================================================<\/p>\n<div style=\"text-align: center;\">\n<h6 class=\"dest\" style=\"text-align: center;\"><span style=\"color: #008000;\">sat24.com<\/span><\/h6>\n<p class=\"dest\" style=\"text-align: start;\"><a title=\"Opady - prognoza\" href=\"http:\/\/sat24.com\/foreloop.aspx?type=1\" target=\"_blank\" rel=\"noopener noreferrer\">http:\/\/sat24.com\/foreloop.aspx?type=1<\/a><\/p>\n<p>&nbsp;<\/p>\n<p>=====================================================================<\/p>\n<h6 class=\"dest\" style=\"text-align: center;\"><span style=\"color: #ff6600;\">Eumetsat<\/span><\/h6>\n<p class=\"dest\" style=\"text-align: start;\"><a href=\"https:\/\/eumetview.eumetsat.int\/static-images\/latestImages\/EUMETSAT_MSG_RGBAirmass_LowResolution.jpg\" target=\"_blank\" rel=\"noopener noreferrer\"><img decoding=\"async\" src=\"https:\/\/eumetview.eumetsat.int\/static-images\/latestImages\/EUMETSAT_MSG_RGBAirmass_LowResolution.jpg\"><\/a><\/p>\n<\/div>\n<div style=\"text-align: left; font-family: arial, helvetica, verdana, sans-serif; font-size: 14px; line-height: 19px;\">https:\/\/eumetview.eumetsat.int\/static-images\/latestImages\/EUMETSAT_MSG_RGBAirmass_LowResolution.jpg<\/div>\n<div>&nbsp;<\/div>\n<div>=============================================================<\/div>\n<div>&nbsp;<\/div>\n<div>Serwis pogodowy meteo.imgw.pl jest serwisem informacyjnym IMGW-PIB:<\/div>\n<div>Radar:<\/div>\n<div>&nbsp;<\/div>\n<p class=\"dest\"><a href=\"http:\/\/meteo.imgw.pl\/dyn\/#group=radar&amp;param=cmax&amp;loc=52.24,21.034,7\">http:\/\/meteo.imgw.pl\/dyn\/#group=radar&amp;param=cmax&amp;loc=52.24,21.034,7<\/a><\/p>\n<p>Satelita<\/p>\n<p><a href=\"https:\/\/meteo.imgw.pl\/dyn\/#group=sat&amp;param=clouds-with-background-day&amp;loc=52.24,21.034,6\">https:\/\/meteo.imgw.pl\/dyn\/#group=sat&amp;param=clouds-with-background-day&amp;loc=52.24,21.034,6<\/a><\/p>\n<p>&nbsp;<\/p>\n<p class=\"dest\" style=\"font-size: 12.727272033691406px;\">===============================================================================<\/p>\n<h6 class=\"dest\" style=\"font-size: 12.7273px; text-align: center;\"><span style=\"color: #ff0000;\"><strong>Detektory wy\u0142adowa\u0144:<\/strong><\/span><\/h6>\n<p><a href=\"https:\/\/map.blitzortung.org\/\" target=\"_blank\" rel=\"noopener noreferrer\">Live Lightning Map<\/a><\/p>\n<p class=\"dest\"><a title=\"Lightning location in Europe\" href=\"http:\/\/www.euclid.org\/realtime.html\" target=\"_blank\" rel=\"noopener noreferrer\">Lightning location in Europe:&nbsp;http:\/\/www.euclid.org\/realtime.html<\/a><\/p>\n<p class=\"dest\"><a href=\"http:\/\/www.blitzortung.org\/Webpages\/index.php?lang=pl&amp;subpage_0=15rg\/\" target=\"_blank\" rel=\"noopener noreferrer\">http:\/\/www.blitzortung.org\/Webpages\/index.php?lang=pl&amp;subpage_0=15<br><\/a><\/p>\n<p class=\"dest\"><a href=\"http:\/\/portal.chmi.cz\/files\/portal\/docs\/meteo\/blesk\/data_jsceldnview.html\">http:\/\/portal.chmi.cz\/files\/portal\/docs\/meteo\/blesk\/data_jsceldnview.html<\/a><\/p>\n<h6 style=\"text-align: center;\"><strong><span style=\"color: #000080;\">&nbsp;<\/span><\/strong><\/h6>\n<p>================================================================<\/p>\n<p><iframe loading=\"lazy\" src=\"https:\/\/map.blitzortung.org\/index.php?interactive=1&amp;NavigationControl=1&amp;FullScreenControl=1&amp;Cookies=0&amp;InfoDiv=1&amp;MenuButtonDiv=1&amp;ScaleControl=1&amp;LinksCheckboxChecked=1&amp;LinksRangeValue=10&amp;MapStyle=3&amp;MapStyleRangeValue=4&amp;Advertisment=0#5\/36.5\/135.0\" width=\"800\" height=\"800\"><\/iframe><\/p>\n\n\n<p><a href=\"https:\/\/map.blitzortung.org\/mapexample.html\">https:\/\/map.blitzortung.org\/mapexample.html<\/a><\/p>\n\n\n\n<p><\/p>\n\n\n\n<p><strong><a href=\"http:\/\/lowcyburz.pl\/wiedza\/\" target=\"_blank\" rel=\"noreferrer noopener\">Wiedza\u00a0:\u00a0http:\/\/lowcyburz.pl\/wiedza\/<\/a><\/strong><\/p>\n","protected":false},"excerpt":{"rendered":"<p>P\u0119tla animacji zdj\u0119\u0107 satelitarnych 6 godziny: Europa http:\/\/www.weatheronline.pl\/pogoda\/satelita\/Europa\/Europa\/widzialne\/premium.htm &nbsp; Mapy radarowe &#8211; awiacja radareu.cz Norwegian Meteorological Institute: http:\/\/www.yr.no\/satellitt\/europa.html http:\/\/www.yr.no\/satellitt\/europa_animasjon.html ========================================================================= sat24.com http:\/\/sat24.com\/foreloop.aspx?type=1 &nbsp; ===================================================================== Eumetsat https:\/\/eumetview.eumetsat.int\/static-images\/latestImages\/EUMETSAT_MSG_RGBAirmass_LowResolution.jpg &nbsp; ============================================================= &nbsp; Serwis pogodowy meteo.imgw.pl jest serwisem informacyjnym IMGW-PIB: Radar: &nbsp; http:\/\/meteo.imgw.pl\/dyn\/#group=radar&amp;param=cmax&amp;loc=52.24,21.034,7 Satelita https:\/\/meteo.imgw.pl\/dyn\/#group=sat&amp;param=clouds-with-background-day&amp;loc=52.24,21.034,6 &nbsp; =============================================================================== Detektory wy\u0142adowa\u0144: Live Lightning Map Lightning location in Europe:&nbsp;http:\/\/www.euclid.org\/realtime.html http:\/\/www.blitzortung.org\/Webpages\/index.php?lang=pl&amp;subpage_0=15 http:\/\/portal.chmi.cz\/files\/portal\/docs\/meteo\/blesk\/data_jsceldnview.html &nbsp; [&hellip;]<\/p>\n","protected":false},"author":1,"featured_media":0,"parent":0,"menu_order":0,"comment_status":"closed","ping_status":"closed","template":"","meta":{"ngg_post_thumbnail":0,"footnotes":""},"class_list":["post-6750","page","type-page","status-publish","hentry"],"_links":{"self":[{"href":"https:\/\/edmor.tktj.pl\/index.php\/wp-json\/wp\/v2\/pages\/6750","targetHints":{"allow":["GET"]}}],"collection":[{"href":"https:\/\/edmor.tktj.pl\/index.php\/wp-json\/wp\/v2\/pages"}],"about":[{"href":"https:\/\/edmor.tktj.pl\/index.php\/wp-json\/wp\/v2\/types\/page"}],"author":[{"embeddable":true,"href":"https:\/\/edmor.tktj.pl\/index.php\/wp-json\/wp\/v2\/users\/1"}],"replies":[{"embeddable":true,"href":"https:\/\/edmor.tktj.pl\/index.php\/wp-json\/wp\/v2\/comments?post=6750"}],"version-history":[{"count":0,"href":"https:\/\/edmor.tktj.pl\/index.php\/wp-json\/wp\/v2\/pages\/6750\/revisions"}],"wp:attachment":[{"href":"https:\/\/edmor.tktj.pl\/index.php\/wp-json\/wp\/v2\/media?parent=6750"}],"curies":[{"name":"wp","href":"https:\/\/api.w.org\/{rel}","templated":true}]}}