{"id":6893,"date":"2020-02-23T15:06:55","date_gmt":"2020-02-23T14:06:55","guid":{"rendered":"https:\/\/edmor.pl\/jaskinia-w-zielonej-gorze\/"},"modified":"2020-02-23T15:06:55","modified_gmt":"2020-02-23T14:06:55","slug":"jaskinia-w-zielonej-gorze","status":"publish","type":"page","link":"https:\/\/edmor.tktj.pl\/index.php\/jaskinia-w-zielonej-gorze\/","title":{"rendered":"Jaskinia w Zielonej G\u00f3rze"},"content":{"rendered":"\n<p> Jaskinia o d\u0142ugo\u015bci oko\u0142o 150 metr\u00f3w znajduje si\u0119 w\u00a0Rezerwacie Zielona G\u00f3ra\u00a0w Kusi\u0119tach, niedaleko\u00a0Olsztyna\u00a0na\u00a0Jurze na  wzniesieniu o nazwie Zielona G\u00f3ra, troch\u0119 poni\u017cej szczytu.  Posiada charakterystyczny las kolumn naciekowych, jedyny taki na Jurze Krakowsko-Cz\u0119stochowskiej, a unikatowy w ca\u0142ej Polsce. <\/p>\n\n\n\n<p>  <\/p>\n\n\n\n<p>  <\/p>\n\n\n\n<p class=\"has-text-align-center\"> <strong>Wy\u015bwietlanie galerii na pe\u0142nym ekranie: naci\u015bnij F11<\/strong> <\/p>\n\n\n\nngg_shortcode_0_placeholder\n\n\n\n<p class=\"has-text-align-center\"> <a href=\"http:\/\/www.sktj.pl\/epimenides\/jura\/maps\/jwzg.gif\">Plan jaskini<\/a><\/p>\n\n\n\n<p class=\"has-text-align-center\">Mapa<\/p>\n\n\n","protected":false},"excerpt":{"rendered":"<p>Jaskinia o d\u0142ugo\u015bci oko\u0142o 150 metr\u00f3w znajduje si\u0119 w\u00a0Rezerwacie Zielona G\u00f3ra\u00a0w Kusi\u0119tach, niedaleko\u00a0Olsztyna\u00a0na\u00a0Jurze na wzniesieniu o nazwie Zielona G\u00f3ra, troch\u0119 poni\u017cej szczytu. Posiada charakterystyczny las kolumn naciekowych, jedyny taki na Jurze Krakowsko-Cz\u0119stochowskiej, a unikatowy w ca\u0142ej Polsce. Wy\u015bwietlanie galerii na pe\u0142nym ekranie: naci\u015bnij F11 Plan jaskini Mapa<\/p>\n","protected":false},"author":1,"featured_media":0,"parent":0,"menu_order":0,"comment_status":"closed","ping_status":"closed","template":"","meta":{"ngg_post_thumbnail":0,"footnotes":""},"class_list":["post-6893","page","type-page","status-publish","hentry"],"_links":{"self":[{"href":"https:\/\/edmor.tktj.pl\/index.php\/wp-json\/wp\/v2\/pages\/6893","targetHints":{"allow":["GET"]}}],"collection":[{"href":"https:\/\/edmor.tktj.pl\/index.php\/wp-json\/wp\/v2\/pages"}],"about":[{"href":"https:\/\/edmor.tktj.pl\/index.php\/wp-json\/wp\/v2\/types\/page"}],"author":[{"embeddable":true,"href":"https:\/\/edmor.tktj.pl\/index.php\/wp-json\/wp\/v2\/users\/1"}],"replies":[{"embeddable":true,"href":"https:\/\/edmor.tktj.pl\/index.php\/wp-json\/wp\/v2\/comments?post=6893"}],"version-history":[{"count":0,"href":"https:\/\/edmor.tktj.pl\/index.php\/wp-json\/wp\/v2\/pages\/6893\/revisions"}],"wp:attachment":[{"href":"https:\/\/edmor.tktj.pl\/index.php\/wp-json\/wp\/v2\/media?parent=6893"}],"curies":[{"name":"wp","href":"https:\/\/api.w.org\/{rel}","templated":true}]}}