{"id":6946,"date":"2020-02-23T23:09:55","date_gmt":"2020-02-23T22:09:55","guid":{"rendered":"https:\/\/edmor.pl\/jaskinia-koralowa\/"},"modified":"2020-02-23T23:09:55","modified_gmt":"2020-02-23T22:09:55","slug":"jaskinia-koralowa","status":"publish","type":"page","link":"https:\/\/edmor.tktj.pl\/index.php\/jaskinia-koralowa\/","title":{"rendered":"Jaskinia Koralowa"},"content":{"rendered":"\n<p>Interesuj\u0105ca, urozmaicona &#8222;prawie&#8221; jak tatrza\u0144skie. Po\u0142o\u017cenie:  G\u00f3ra Pustelnica, rezerwat &#8222;Sokole G\u00f3ry&#8221;. Otw\u00f3r znajduje si\u0119 na dnie leja. Studnia ma g\u0142\u0119boko\u015b\u0107 20 m. D\u0142ugo\u015b\u0107 jaskini wynosi ok 380 m a g\u0142\u0119boko\u015b\u0107 34 m.  Prawdziwym ewenementem tej jaskini by\u0142 przepi\u0119knie wykszta\u0142cony naciek tzw. koralowy. Zbudowany by\u0142 z martwicy wapiennej osadzonej na w\u0142o\u015bnikach korzeni drzew przenikaj\u0105cych do ko\u0144cowego korytarza zawaliskowego.&nbsp; <\/p>\n\n\n\n<p class=\"has-text-align-center\"><\/p>\n\n\n\n<figure class=\"wp-block-image aligncenter size-large\"><img decoding=\"async\" src=\"http:\/\/edmor.tktj.pl\/wp-content\/gallery\/jaskinia-koralowa\/koralowa.jpg\" alt=\"Plan Jaskinia Koralowa\"\/><figcaption class=\"wp-element-caption\">Plan<\/figcaption><\/figure>\n\n\n\n<figure class=\"wp-block-image size-large\"><img decoding=\"async\" src=\"http:\/\/www.sktj.pl\/epimenides\/jura\/maps\/koralowa.gif\" alt=\"\"\/><\/figure>\n\n\n\n<p><\/p>\n\n\n\n<p class=\"has-text-align-center\"><a href=\"http:\/\/www.jaskiniejury.pl\/jaskinie-wyzyny\/98-koralowa\">Opis jaskini<\/a><\/p>\n\n\n\n<p>[ultimate_maps id=&#8221;2&#8243;]<\/p>\n\n\n\n<p><\/p>\n\n\n\n<p class=\"has-text-align-center\">Fotorelacja z wej\u015bcia do jaskini z ekip\u0105 <a href=\"http:\/\/tktj.pl\/\">TKTJ<\/a><\/p>\n\n\n\n<p class=\"has-text-align-center\"> <strong>Wy\u015bwietlanie galerii na pe\u0142nym ekranie: naci\u015bnij F11<\/strong> <\/p>\n\n\n\nngg_shortcode_0_placeholder\n","protected":false},"excerpt":{"rendered":"<p>Interesuj\u0105ca, urozmaicona &#8222;prawie&#8221; jak tatrza\u0144skie. Po\u0142o\u017cenie: G\u00f3ra Pustelnica, rezerwat &#8222;Sokole G\u00f3ry&#8221;. Otw\u00f3r znajduje si\u0119 na dnie leja. Studnia ma g\u0142\u0119boko\u015b\u0107 20 m. D\u0142ugo\u015b\u0107 jaskini wynosi ok 380 m a g\u0142\u0119boko\u015b\u0107 34 m. Prawdziwym ewenementem tej jaskini by\u0142 przepi\u0119knie wykszta\u0142cony naciek tzw. koralowy. Zbudowany by\u0142 z martwicy wapiennej osadzonej na w\u0142o\u015bnikach korzeni drzew przenikaj\u0105cych do ko\u0144cowego [&hellip;]<\/p>\n","protected":false},"author":1,"featured_media":0,"parent":0,"menu_order":0,"comment_status":"closed","ping_status":"closed","template":"","meta":{"ngg_post_thumbnail":0,"footnotes":""},"class_list":["post-6946","page","type-page","status-publish","hentry"],"_links":{"self":[{"href":"https:\/\/edmor.tktj.pl\/index.php\/wp-json\/wp\/v2\/pages\/6946","targetHints":{"allow":["GET"]}}],"collection":[{"href":"https:\/\/edmor.tktj.pl\/index.php\/wp-json\/wp\/v2\/pages"}],"about":[{"href":"https:\/\/edmor.tktj.pl\/index.php\/wp-json\/wp\/v2\/types\/page"}],"author":[{"embeddable":true,"href":"https:\/\/edmor.tktj.pl\/index.php\/wp-json\/wp\/v2\/users\/1"}],"replies":[{"embeddable":true,"href":"https:\/\/edmor.tktj.pl\/index.php\/wp-json\/wp\/v2\/comments?post=6946"}],"version-history":[{"count":0,"href":"https:\/\/edmor.tktj.pl\/index.php\/wp-json\/wp\/v2\/pages\/6946\/revisions"}],"wp:attachment":[{"href":"https:\/\/edmor.tktj.pl\/index.php\/wp-json\/wp\/v2\/media?parent=6946"}],"curies":[{"name":"wp","href":"https:\/\/api.w.org\/{rel}","templated":true}]}}