{"id":7209,"date":"2020-03-03T15:38:51","date_gmt":"2020-03-03T14:38:51","guid":{"rendered":"https:\/\/edmor.pl\/jaskinia-maurycego\/"},"modified":"2020-03-03T15:38:51","modified_gmt":"2020-03-03T14:38:51","slug":"jaskinia-maurycego","status":"publish","type":"page","link":"https:\/\/edmor.tktj.pl\/index.php\/jaskinia-maurycego\/","title":{"rendered":"Jaskinia Maurycego"},"content":{"rendered":"\n<p> &nbsp;Jaskinia Maurycego (d\u0142ugo\u015b\u0107 143 m, g\u0142\u0119boko\u015b\u0107 9 m ) to jedna z najpi\u0119kniejszych jaski\u0144 jury, bogactwo naciek\u00f3w jest osza\u0142amiaj\u0105ce. Po\u0142o\u017cona jest w rezerwacie &#8222;Sokole G\u00f3ry&#8221; &#8211;  G\u00f3ra Puchacz.   <a rel=\"noreferrer noopener\" aria-label=\"Plan (otwiera si\u0119 na nowej zak\u0142adce)\" href=\"http:\/\/www.sktj.pl\/epimenides\/jura\/maps\/mauryc.gif\" target=\"_blank\">Plan jaskini<\/a><\/p>\n\n\n\n<p> <\/p>\n\n\n\n<p> <\/p>\n\n\n\n<p>[ultimate_maps id=&#8221;12&#8243;]<\/p>\n\n\n\n<p>  <\/p>\n\n\n\n<p>  <\/p>\n\n\n\n<p class=\"has-text-align-center\"><strong>Wy\u015bwietlanie galerii na pe\u0142nym ekranie: naci\u015bnij F11<\/strong><\/p>\n\n\n\n<p><\/p>\n\n\n\nngg_shortcode_0_placeholder\n","protected":false},"excerpt":{"rendered":"<p>&nbsp;Jaskinia Maurycego (d\u0142ugo\u015b\u0107 143 m, g\u0142\u0119boko\u015b\u0107 9 m ) to jedna z najpi\u0119kniejszych jaski\u0144 jury, bogactwo naciek\u00f3w jest osza\u0142amiaj\u0105ce. Po\u0142o\u017cona jest w rezerwacie &#8222;Sokole G\u00f3ry&#8221; &#8211; G\u00f3ra Puchacz. Plan jaskini [ultimate_maps id=&#8221;12&#8243;] Wy\u015bwietlanie galerii na pe\u0142nym ekranie: naci\u015bnij F11<\/p>\n","protected":false},"author":1,"featured_media":0,"parent":0,"menu_order":0,"comment_status":"closed","ping_status":"closed","template":"","meta":{"ngg_post_thumbnail":0,"footnotes":""},"class_list":["post-7209","page","type-page","status-publish","hentry"],"_links":{"self":[{"href":"https:\/\/edmor.tktj.pl\/index.php\/wp-json\/wp\/v2\/pages\/7209","targetHints":{"allow":["GET"]}}],"collection":[{"href":"https:\/\/edmor.tktj.pl\/index.php\/wp-json\/wp\/v2\/pages"}],"about":[{"href":"https:\/\/edmor.tktj.pl\/index.php\/wp-json\/wp\/v2\/types\/page"}],"author":[{"embeddable":true,"href":"https:\/\/edmor.tktj.pl\/index.php\/wp-json\/wp\/v2\/users\/1"}],"replies":[{"embeddable":true,"href":"https:\/\/edmor.tktj.pl\/index.php\/wp-json\/wp\/v2\/comments?post=7209"}],"version-history":[{"count":0,"href":"https:\/\/edmor.tktj.pl\/index.php\/wp-json\/wp\/v2\/pages\/7209\/revisions"}],"wp:attachment":[{"href":"https:\/\/edmor.tktj.pl\/index.php\/wp-json\/wp\/v2\/media?parent=7209"}],"curies":[{"name":"wp","href":"https:\/\/api.w.org\/{rel}","templated":true}]}}