{"id":7236,"date":"2020-03-14T10:23:54","date_gmt":"2020-03-14T09:23:54","guid":{"rendered":"https:\/\/edmor.pl\/?page_id=7236"},"modified":"2020-03-14T10:23:54","modified_gmt":"2020-03-14T09:23:54","slug":"uzywamy-pliki-cookie","status":"publish","type":"page","link":"https:\/\/edmor.tktj.pl\/index.php\/uzywamy-pliki-cookie\/","title":{"rendered":"U\u017cywamy pliki cookie"},"content":{"rendered":"\n<p> W\u00a0tej witrynie s\u0105 wykorzystywane pliki cookie, kt\u00f3rych Google u\u017cywa do \u015bwiadczenia swoich us\u0142ug i\u00a0analizowania ruchu. Tw\u00f3j adres\u00a0IP i\u00a0nazwa klienta u\u017cytkownika oraz dane dotycz\u0105ce wydajno\u015bci i\u00a0bezpiecze\u0144stwa s\u0105 udost\u0119pniane firmie Google, by zapewni\u0107 odpowiedni\u0105 jako\u015b\u0107 us\u0142ug, generowa\u0107 statystyki u\u017cytkowania oraz wykrywa\u0107 nadu\u017cycia i\u00a0na nie reagowa\u0107. <\/p>\n\n\n\n<p><a href=\"https:\/\/policies.google.com\/technologies\/cookies?hl=pl\" target=\"_blank\" rel=\"noreferrer noopener\" aria-label=\" (otwiera si\u0119 na nowej zak\u0142adce)\">Dowiedz si\u0119 wi\u0119cej<\/a><\/p>\n\n\n\n<p><a rel=\"noreferrer noopener\" aria-label=\"W\u0142\u0105czanie i wy\u0142\u0105czanie obs\u0142ugi plik\u00f3w cookie (otwiera si\u0119 na nowej zak\u0142adce)\" href=\"https:\/\/jakwylaczyccookie.pl\/jak-wylaczyc-pliki-cookies\/\" target=\"_blank\">W\u0142\u0105czanie i wy\u0142\u0105czanie obs\u0142ugi plik\u00f3w cookie<\/a><\/p>\n\n\n\n<p><a href=\"https:\/\/pomoc.home.pl\/baza-wiedzy\/jak-wlaczyc-lub-wylaczyc-obsluge-plikow-cookies-w-przegladarce\" target=\"_blank\" rel=\"noreferrer noopener\" aria-label=\"Jak w\u0142\u0105czy\u0107 lub wy\u0142\u0105czy\u0107 obs\u0142ug\u0119 plik\u00f3w cookies w przegl\u0105darce? (otwiera si\u0119 na nowej zak\u0142adce)\">Jak w\u0142\u0105czy\u0107 lub wy\u0142\u0105czy\u0107 obs\u0142ug\u0119 plik\u00f3w cookies w przegl\u0105darce?<\/a><\/p>\n","protected":false},"excerpt":{"rendered":"<p>W\u00a0tej witrynie s\u0105 wykorzystywane pliki cookie, kt\u00f3rych Google u\u017cywa do \u015bwiadczenia swoich us\u0142ug i\u00a0analizowania ruchu. Tw\u00f3j adres\u00a0IP i\u00a0nazwa klienta u\u017cytkownika oraz dane dotycz\u0105ce wydajno\u015bci i\u00a0bezpiecze\u0144stwa s\u0105 udost\u0119pniane firmie Google, by zapewni\u0107 odpowiedni\u0105 jako\u015b\u0107 us\u0142ug, generowa\u0107 statystyki u\u017cytkowania oraz wykrywa\u0107 nadu\u017cycia i\u00a0na nie reagowa\u0107. Dowiedz si\u0119 wi\u0119cej W\u0142\u0105czanie i wy\u0142\u0105czanie obs\u0142ugi plik\u00f3w cookie Jak w\u0142\u0105czy\u0107 lub [&hellip;]<\/p>\n","protected":false},"author":1,"featured_media":0,"parent":0,"menu_order":0,"comment_status":"closed","ping_status":"closed","template":"","meta":{"ngg_post_thumbnail":0,"footnotes":""},"class_list":["post-7236","page","type-page","status-publish","hentry"],"_links":{"self":[{"href":"https:\/\/edmor.tktj.pl\/index.php\/wp-json\/wp\/v2\/pages\/7236","targetHints":{"allow":["GET"]}}],"collection":[{"href":"https:\/\/edmor.tktj.pl\/index.php\/wp-json\/wp\/v2\/pages"}],"about":[{"href":"https:\/\/edmor.tktj.pl\/index.php\/wp-json\/wp\/v2\/types\/page"}],"author":[{"embeddable":true,"href":"https:\/\/edmor.tktj.pl\/index.php\/wp-json\/wp\/v2\/users\/1"}],"replies":[{"embeddable":true,"href":"https:\/\/edmor.tktj.pl\/index.php\/wp-json\/wp\/v2\/comments?post=7236"}],"version-history":[{"count":0,"href":"https:\/\/edmor.tktj.pl\/index.php\/wp-json\/wp\/v2\/pages\/7236\/revisions"}],"wp:attachment":[{"href":"https:\/\/edmor.tktj.pl\/index.php\/wp-json\/wp\/v2\/media?parent=7236"}],"curies":[{"name":"wp","href":"https:\/\/api.w.org\/{rel}","templated":true}]}}