{"id":7261,"date":"2020-07-17T21:15:13","date_gmt":"2020-07-17T19:15:13","guid":{"rendered":"https:\/\/edmor.pl\/ruiny-zamku-w-olsztynie\/"},"modified":"2020-07-17T21:15:13","modified_gmt":"2020-07-17T19:15:13","slug":"ruiny-zamku-w-olsztynie","status":"publish","type":"page","link":"https:\/\/edmor.tktj.pl\/index.php\/ruiny-zamku-w-olsztynie\/","title":{"rendered":"Ruiny zamku w Olsztynie"},"content":{"rendered":"\n<p>Zamek zosta\u0142 <a href=\"https:\/\/pl.wikipedia.org\/wiki\/Zamek_w_Olsztynie_(wojew%C3%B3dztwo_%C5%9Bl%C4%85skie)\" target=\"_blank\" rel=\"noreferrer noopener nofollow\">zniszczony podczas potopu szwedzkiego w pa\u017adzierniku 1655 i mi\u0119dzy innymi dlatego nie powr\u00f3ci\u0142 ju\u017c do dawnej \u015bwietno\u015bci.<\/a><\/p>\n\n\n\n<p><a href=\"https:\/\/www.gov.pl\/web\/edukacja-i-nauka\/laskie-kilkaset-neandertalskich-narzedzi-odkryto-w-jaskini-na-zamku-w-olsztynie\" target=\"_blank\" rel=\"noreferrer noopener nofollow\">Nieznan\u0105 jaskini\u0119, z\u0142o\u017cony system tuneli i szczelin  archeolodzy <\/a><a href=\"https:\/\/www.gov.pl\/web\/edukacja-i-nauka\/laskie-kilkaset-neandertalskich-narzedzi-odkryto-w-jaskini-na-zamku-w-olsztynie\" target=\"_blank\" rel=\"noreferrer noopener\">odkryli<\/a> pod zamkiem w Olsztynie na terenie Jury Krakowsko-Cz\u0119stochowskiej. Co ciekawe,  znaleziono  w niej kilkaset krzemiennych narz\u0119dzi wykonanych przez neandertalczyk\u00f3w ok. 40 tys. lat temu oraz piec metalurgiczny do wytopu br\u0105zu z XV w. Badaniami kieruje dr Miko\u0142aj Urbanowski z Zak\u0142adu Archeologii Instytutu Historii i Stosunk\u00f3w Mi\u0119dzynarodowych Uniwersytetu Szczeci\u0144skiego.<\/p>\n\n\n\n<p>Pracowali tu te\u017c naukowcy z Uniwersytetu Wroc\u0142awskiego &#8211; <a href=\"https:\/\/uni.wroc.pl\/zamek-w-olsztynie-odkrywa-swoje-tajemnice\/\" target=\"_blank\" rel=\"noreferrer noopener nofollow\">tajemnice pod zamkiem.<\/a><\/p>\n\n\n\n<p><\/p>\n\n\nngg_shortcode_0_placeholder\n\n\n<p><\/p>\n","protected":false},"excerpt":{"rendered":"<p>Zamek zosta\u0142 zniszczony podczas potopu szwedzkiego w pa\u017adzierniku 1655 i mi\u0119dzy innymi dlatego nie powr\u00f3ci\u0142 ju\u017c do dawnej \u015bwietno\u015bci. Nieznan\u0105 jaskini\u0119, z\u0142o\u017cony system tuneli i szczelin archeolodzy odkryli pod zamkiem w Olsztynie na terenie Jury Krakowsko-Cz\u0119stochowskiej. Co ciekawe, znaleziono w niej kilkaset krzemiennych narz\u0119dzi wykonanych przez neandertalczyk\u00f3w ok. 40 tys. lat temu oraz piec metalurgiczny [&hellip;]<\/p>\n","protected":false},"author":1,"featured_media":0,"parent":0,"menu_order":0,"comment_status":"closed","ping_status":"closed","template":"","meta":{"ngg_post_thumbnail":0,"footnotes":""},"class_list":["post-7261","page","type-page","status-publish","hentry"],"_links":{"self":[{"href":"https:\/\/edmor.tktj.pl\/index.php\/wp-json\/wp\/v2\/pages\/7261","targetHints":{"allow":["GET"]}}],"collection":[{"href":"https:\/\/edmor.tktj.pl\/index.php\/wp-json\/wp\/v2\/pages"}],"about":[{"href":"https:\/\/edmor.tktj.pl\/index.php\/wp-json\/wp\/v2\/types\/page"}],"author":[{"embeddable":true,"href":"https:\/\/edmor.tktj.pl\/index.php\/wp-json\/wp\/v2\/users\/1"}],"replies":[{"embeddable":true,"href":"https:\/\/edmor.tktj.pl\/index.php\/wp-json\/wp\/v2\/comments?post=7261"}],"version-history":[{"count":0,"href":"https:\/\/edmor.tktj.pl\/index.php\/wp-json\/wp\/v2\/pages\/7261\/revisions"}],"wp:attachment":[{"href":"https:\/\/edmor.tktj.pl\/index.php\/wp-json\/wp\/v2\/media?parent=7261"}],"curies":[{"name":"wp","href":"https:\/\/api.w.org\/{rel}","templated":true}]}}