{"id":7511,"date":"2021-02-12T23:03:31","date_gmt":"2021-02-12T22:03:31","guid":{"rendered":"https:\/\/edmor.pl\/?page_id=7511"},"modified":"2021-02-12T23:03:31","modified_gmt":"2021-02-12T22:03:31","slug":"jaskinia-niedzwiedzia-gorna-2","status":"publish","type":"page","link":"https:\/\/edmor.tktj.pl\/index.php\/jaskinia-niedzwiedzia-gorna-2\/","title":{"rendered":"Jaskinia Nied\u017awiedzia G\u00f3rna"},"content":{"rendered":"\n<p>Jaskinia Nied\u017awiedzia G\u00f3rna po\u0142o\u017cona jest w Gminie Jan\u00f3w &#8211; Z\u0142oty Potok w rezerwacie &#8222;Parkowe&#8221;. Zosta\u0142a odkryta nie tak dawno, bo 2013 roku i jest to jedno z wi\u0119kszych odkry\u0107 na jurze w ostatnich latach. Zaskoczy\u0142a nas bardzo bogat\u0105 szat\u0105 naciekow\u0105: polewy z mleka wapiennego, draperie, stalagmity, makarony, miodowe heliktyty, misy martwicowe z per\u0142ami jaskiniowymi. Na zdj\u0119ciach przedstawiam  fotorelacj\u0119 z wej\u015bcia badawczego do jaskini z naukowcami 31. 01.2021.  Uda\u0142o si\u0119 to dzi\u0119ki zaproszeniu skierowanego do cz\u0142onk\u00f3w \u00a0<a href=\"https:\/\/tktj.pl\/\" target=\"_blank\" rel=\"noreferrer noopener nofollow\">Tarnog\u00f3rskiego Klubu Taternictwa Jaskiniowego<\/a>, Na stronie klubu znajdziemy te\u017c <a href=\"https:\/\/tktj.pl\/2021\/02\/01\/niedzwiedzia-gorna\/\" target=\"_blank\" rel=\"noreferrer noopener\">relacj\u0119<\/a> z wej\u015bcia do jaskini wraz z linkami do prac naukowych. W jaskini tej prowadzone s\u0105 badania z zakresu archeologii, geomorfologii, paleozoologii, mikroklimatu i biologii jaskini.<\/p>\n\n\n\nngg_shortcode_0_placeholder\n","protected":false},"excerpt":{"rendered":"<p>Jaskinia Nied\u017awiedzia G\u00f3rna po\u0142o\u017cona jest w Gminie Jan\u00f3w &#8211; Z\u0142oty Potok w rezerwacie &#8222;Parkowe&#8221;. Zosta\u0142a odkryta nie tak dawno, bo 2013 roku i jest to jedno z wi\u0119kszych odkry\u0107 na jurze w ostatnich latach. Zaskoczy\u0142a nas bardzo bogat\u0105 szat\u0105 naciekow\u0105: polewy z mleka wapiennego, draperie, stalagmity, makarony, miodowe heliktyty, misy martwicowe z per\u0142ami jaskiniowymi. Na [&hellip;]<\/p>\n","protected":false},"author":1,"featured_media":0,"parent":0,"menu_order":0,"comment_status":"closed","ping_status":"closed","template":"","meta":{"ngg_post_thumbnail":0,"footnotes":""},"class_list":["post-7511","page","type-page","status-publish","hentry"],"_links":{"self":[{"href":"https:\/\/edmor.tktj.pl\/index.php\/wp-json\/wp\/v2\/pages\/7511","targetHints":{"allow":["GET"]}}],"collection":[{"href":"https:\/\/edmor.tktj.pl\/index.php\/wp-json\/wp\/v2\/pages"}],"about":[{"href":"https:\/\/edmor.tktj.pl\/index.php\/wp-json\/wp\/v2\/types\/page"}],"author":[{"embeddable":true,"href":"https:\/\/edmor.tktj.pl\/index.php\/wp-json\/wp\/v2\/users\/1"}],"replies":[{"embeddable":true,"href":"https:\/\/edmor.tktj.pl\/index.php\/wp-json\/wp\/v2\/comments?post=7511"}],"version-history":[{"count":0,"href":"https:\/\/edmor.tktj.pl\/index.php\/wp-json\/wp\/v2\/pages\/7511\/revisions"}],"wp:attachment":[{"href":"https:\/\/edmor.tktj.pl\/index.php\/wp-json\/wp\/v2\/media?parent=7511"}],"curies":[{"name":"wp","href":"https:\/\/api.w.org\/{rel}","templated":true}]}}