{"id":993,"date":"2020-02-17T20:53:00","date_gmt":"2020-02-17T19:53:00","guid":{"rendered":"https:\/\/edmor.pl\/?page_id=993"},"modified":"2020-02-17T20:53:00","modified_gmt":"2020-02-17T19:53:00","slug":"zelazny-most-w-woznikach","status":"publish","type":"page","link":"https:\/\/edmor.tktj.pl\/index.php\/zelazny-most-w-woznikach\/","title":{"rendered":"\u017belazny Most w Wo\u017anikach"},"content":{"rendered":"\n<p>\u017belazny Most w Wo\u017anikach &#8211; most by\u0142 stalowy (lokalnie nazywa\u0142o si\u0119 go \u017belaznym Mostem) wykonany jako konstrukcja nitowana.\u00a0Nitowanie by\u0142o dawniej \u2013 przed opanowaniem spawania \u2013 powszechnie u\u017cywane przy konstrukcji most\u00f3w, statk\u00f3w (np. do budowy\u00a0<em>Titanica<\/em>\u00a0u\u017cyto ponad trzy miliony nit\u00f3w). Proces nitowania polega\u0142 na zabiciu gor\u0105cego nita m\u0142otem tak, by wype\u0142ni\u0142 on przygotowany wcze\u015bniej otw\u00f3r w dw\u00f3ch fragmentach poszycia.<\/p>\n\n\n\n<p>Dnia 14 stycznia&nbsp;1987&nbsp;roku na odcinku z Tarnowskich G\u00f3r do Wo\u017anik &nbsp;przymierzy\u0142 ostatni raz parow\u00f3z (Ty45-217).<\/p>\n\n\n\n<p><a rel=\"noreferrer noopener\" href=\"http:\/\/old.timer.pl\/\" target=\"_blank\">Strona kolejowa &#8211; po\u015bwi\u0119cona nieczynnej (niestety) ju\u017c lini Strzebi\u0144 &#8211; Wo\u017aniki<\/a><\/p>\n\n\n\nngg_shortcode_0_placeholder\n","protected":false},"excerpt":{"rendered":"<p>\u017belazny Most w Wo\u017anikach &#8211; most by\u0142 stalowy (lokalnie nazywa\u0142o si\u0119 go \u017belaznym Mostem) wykonany jako konstrukcja nitowana.\u00a0Nitowanie by\u0142o dawniej \u2013 przed opanowaniem spawania \u2013 powszechnie u\u017cywane przy konstrukcji most\u00f3w, statk\u00f3w (np. do budowy\u00a0Titanica\u00a0u\u017cyto ponad trzy miliony nit\u00f3w). Proces nitowania polega\u0142 na zabiciu gor\u0105cego nita m\u0142otem tak, by wype\u0142ni\u0142 on przygotowany wcze\u015bniej otw\u00f3r w dw\u00f3ch [&hellip;]<\/p>\n","protected":false},"author":1,"featured_media":0,"parent":0,"menu_order":0,"comment_status":"closed","ping_status":"closed","template":"","meta":{"ngg_post_thumbnail":0,"footnotes":""},"class_list":["post-993","page","type-page","status-publish","hentry"],"_links":{"self":[{"href":"https:\/\/edmor.tktj.pl\/index.php\/wp-json\/wp\/v2\/pages\/993","targetHints":{"allow":["GET"]}}],"collection":[{"href":"https:\/\/edmor.tktj.pl\/index.php\/wp-json\/wp\/v2\/pages"}],"about":[{"href":"https:\/\/edmor.tktj.pl\/index.php\/wp-json\/wp\/v2\/types\/page"}],"author":[{"embeddable":true,"href":"https:\/\/edmor.tktj.pl\/index.php\/wp-json\/wp\/v2\/users\/1"}],"replies":[{"embeddable":true,"href":"https:\/\/edmor.tktj.pl\/index.php\/wp-json\/wp\/v2\/comments?post=993"}],"version-history":[{"count":0,"href":"https:\/\/edmor.tktj.pl\/index.php\/wp-json\/wp\/v2\/pages\/993\/revisions"}],"wp:attachment":[{"href":"https:\/\/edmor.tktj.pl\/index.php\/wp-json\/wp\/v2\/media?parent=993"}],"curies":[{"name":"wp","href":"https:\/\/api.w.org\/{rel}","templated":true}]}}